{"id":1490,"date":"2024-08-13T10:22:09","date_gmt":"2024-08-13T07:22:09","guid":{"rendered":"http:\/\/www.montegrup.com\/?page_id=1490"},"modified":"2024-09-05T05:01:19","modified_gmt":"2024-09-05T02:01:19","slug":"metropol-konteyneri","status":"publish","type":"page","link":"https:\/\/www.montegrup.com\/en\/metropol-konteyneri\/","title":{"rendered":"Metropolitan Container"},"content":{"rendered":"<div class=\"wpb-content-wrapper\"><div class=\"vc_row wpb_row vc_row-fluid roof-dhav-dotted\"><div class=\"wpb_column vc_column_container text-left vc_col-sm-12\"><div class=\"vc_column-inner\"><div class=\"wpb_wrapper\">\n\t<div class=\"wpb_text_column wpb_content_element\" >\n\t\t<div class=\"wpb_wrapper\">\n\t\t\t<p class=\"translation-block\"><strong> Metropolitan containers <\/strong> are more nice than standard containers in appearance and compatible with the urban texture.<\/p>\n<p>Metropol containers are preferred in various areas such as sales office, security cabin, newsagent, taxi stand, work office, ticket sales point due to its aesthetic appearance.<\/p>\n<p>We deliver the metropolis container as ready-to-use in a modern structure that adds value to the place where it is located, with the options of betopan, aluminum composite, alucoband, taconite, fibercement or siding coating on the metal frame structure.<\/p>\n<p>&nbsp;<\/p>\n<p class=\"translation-block\"><a href=\"https:\/\/www.montegrup.com\/wp-content\/uploads\/2018\/01\/Monte-Grup-Metropol-Konteyner-Planlar.pdf\" target=\"_self\">Click to View <strong>Metropolitan Container Plans<\/strong> <\/a><\/p>\n\n\t\t<\/div>\n\t<\/div>\n<h2 style=\"text-align: left;font-family:Open Sans;font-weight:800;font-style:normal\" class=\"vc_custom_heading vc_do_custom_heading\" >\u00d6rnek Projelerimiz<\/h2><div class=\"wpb_gallery wpb_content_element vc_clearfix wpb_content_element\" ><div class=\"wpb_wrapper\"><div class=\"wpb_gallery_slides wpb_image_grid\" data-interval=\"3\"><ul class=\"wpb_image_grid_ul\"><li class=\"isotope-item\"><a class=\"\" href=\"https:\/\/www.montegrup.com\/wp-content\/uploads\/2017\/08\/metropol-konteyneri-1-700x525.jpg\" data-lightbox=\"lightbox[rel-1490-2957843056]\"><img loading=\"lazy\" decoding=\"async\" width=\"150\" height=\"150\" src=\"https:\/\/www.montegrup.com\/wp-content\/uploads\/2017\/08\/metropol-konteyneri-1-150x150.jpg\" class=\"attachment-thumbnail\" alt=\"\" title=\"metropol-konteyneri-1\" \/><\/a><\/li><li class=\"isotope-item\"><a class=\"\" href=\"https:\/\/www.montegrup.com\/wp-content\/uploads\/2017\/08\/metropol-konteyneri-2-700x525.jpg\" data-lightbox=\"lightbox[rel-1490-2957843056]\"><img loading=\"lazy\" decoding=\"async\" width=\"150\" height=\"150\" src=\"https:\/\/www.montegrup.com\/wp-content\/uploads\/2017\/08\/metropol-konteyneri-2-150x150.jpg\" class=\"attachment-thumbnail\" alt=\"\" title=\"metropol-konteyneri-2\" \/><\/a><\/li><li class=\"isotope-item\"><a class=\"\" href=\"https:\/\/www.montegrup.com\/wp-content\/uploads\/2017\/08\/metropol-konteyneri-3-700x525.jpg\" data-lightbox=\"lightbox[rel-1490-2957843056]\"><img loading=\"lazy\" decoding=\"async\" width=\"150\" height=\"150\" src=\"https:\/\/www.montegrup.com\/wp-content\/uploads\/2017\/08\/metropol-konteyneri-3-150x150.jpg\" class=\"attachment-thumbnail\" alt=\"\" title=\"metropol-konteyneri-3\" \/><\/a><\/li><li class=\"isotope-item\"><a class=\"\" href=\"https:\/\/www.montegrup.com\/wp-content\/uploads\/2018\/05\/metropol-konteyneri-4-700x525.jpg\" data-lightbox=\"lightbox[rel-1490-2957843056]\"><img loading=\"lazy\" decoding=\"async\" width=\"150\" height=\"150\" src=\"https:\/\/www.montegrup.com\/wp-content\/uploads\/2018\/05\/metropol-konteyneri-4-150x150.jpg\" class=\"attachment-thumbnail\" alt=\"\" title=\"metropol-konteyneri-4\" \/><\/a><\/li><li class=\"isotope-item\"><a class=\"\" href=\"https:\/\/www.montegrup.com\/wp-content\/uploads\/2018\/05\/metropol-konteyneri-5-700x525.jpg\" data-lightbox=\"lightbox[rel-1490-2957843056]\"><img loading=\"lazy\" decoding=\"async\" width=\"150\" height=\"150\" src=\"https:\/\/www.montegrup.com\/wp-content\/uploads\/2018\/05\/metropol-konteyneri-5-150x150.jpg\" class=\"attachment-thumbnail\" alt=\"\" title=\"metropol-konteyneri-5\" \/><\/a><\/li><\/ul><\/div><\/div><\/div><div class=\"wpb_gallery wpb_content_element vc_clearfix wpb_content_element\" ><div class=\"wpb_wrapper\"><div class=\"wpb_gallery_slides wpb_image_grid\" data-interval=\"3\"><ul class=\"wpb_image_grid_ul\"><li class=\"isotope-item\"><a class=\"\" href=\"https:\/\/www.montegrup.com\/wp-content\/uploads\/2019\/08\/metropol-konteyneri-6-700x525.jpg\" data-lightbox=\"lightbox[rel-1490-543209742]\"><img loading=\"lazy\" decoding=\"async\" width=\"150\" height=\"150\" src=\"https:\/\/www.montegrup.com\/wp-content\/uploads\/2019\/08\/metropol-konteyneri-6-150x150.jpg\" class=\"attachment-thumbnail\" alt=\"\" title=\"metropol-konteyneri-6\" \/><\/a><\/li><li class=\"isotope-item\"><a class=\"\" href=\"https:\/\/www.montegrup.com\/wp-content\/uploads\/2019\/08\/metropol-konteyneri-7-700x525.jpg\" data-lightbox=\"lightbox[rel-1490-543209742]\"><img loading=\"lazy\" decoding=\"async\" width=\"150\" height=\"150\" src=\"https:\/\/www.montegrup.com\/wp-content\/uploads\/2019\/08\/metropol-konteyneri-7-150x150.jpg\" class=\"attachment-thumbnail\" alt=\"\" title=\"metropol-konteyneri-7\" \/><\/a><\/li><li class=\"isotope-item\"><a class=\"\" href=\"https:\/\/www.montegrup.com\/wp-content\/uploads\/2019\/08\/metropol-konteyneri-8-700x525.jpg\" data-lightbox=\"lightbox[rel-1490-543209742]\"><img loading=\"lazy\" decoding=\"async\" width=\"150\" height=\"150\" src=\"https:\/\/www.montegrup.com\/wp-content\/uploads\/2019\/08\/metropol-konteyneri-8-150x150.jpg\" class=\"attachment-thumbnail\" alt=\"\" title=\"metropol-konteyneri-8\" \/><\/a><\/li><li class=\"isotope-item\"><a class=\"\" href=\"https:\/\/www.montegrup.com\/wp-content\/uploads\/2019\/08\/metropol-konteyneri-9-700x525.jpg\" data-lightbox=\"lightbox[rel-1490-543209742]\"><img loading=\"lazy\" decoding=\"async\" width=\"150\" height=\"150\" src=\"https:\/\/www.montegrup.com\/wp-content\/uploads\/2019\/08\/metropol-konteyneri-9-150x150.jpg\" class=\"attachment-thumbnail\" alt=\"Ofis Konteyneri\" title=\"metropol-konteyneri-9\" \/><\/a><\/li><li class=\"isotope-item\"><a class=\"\" href=\"https:\/\/www.montegrup.com\/wp-content\/uploads\/2019\/08\/metropol-konteyneri-10-700x525.jpg\" data-lightbox=\"lightbox[rel-1490-543209742]\"><img loading=\"lazy\" decoding=\"async\" width=\"150\" height=\"150\" src=\"https:\/\/www.montegrup.com\/wp-content\/uploads\/2019\/08\/metropol-konteyneri-10-150x150.jpg\" class=\"attachment-thumbnail\" alt=\"Ofis Konteyneri\" title=\"metropol-konteyneri-10\" \/><\/a><\/li><\/ul><\/div><\/div><\/div><div class=\"wpb_images_carousel wpb_content_element vc_clearfix wpb_content_element\"><div class=\"wpb_wrapper\"><div id=\"vc_images-carousel-1-1777630005\" data-ride=\"vc_carousel\" data-wrap=\"true\" style=\"width: 900px;\" data-interval=\"5000\" data-auto-height=\"yes\" data-mode=\"horizontal\" data-partial=\"false\" data-per-view=\"1\" data-hide-on-end=\"false\" class=\"vc_slide vc_images_carousel\"><div class=\"vc_carousel-inner\"><div class=\"vc_carousel-slideline\"><div class=\"vc_carousel-slideline-inner\"><div class=\"vc_item\"><div class=\"vc_inner\"><img decoding=\"async\" class=\"\" src=\"https:\/\/www.montegrup.com\/wp-content\/uploads\/2018\/01\/MC-302-900x546.png\" width=\"900\" height=\"546\" alt=\"MC-302\" title=\"MC-302\" loading=\"lazy\" \/><\/div><\/div><div class=\"vc_item\"><div class=\"vc_inner\"><img decoding=\"async\" class=\"\" src=\"https:\/\/www.montegrup.com\/wp-content\/uploads\/2018\/01\/MC-303-900x546.png\" width=\"900\" height=\"546\" alt=\"MC-303\" title=\"MC-303\" loading=\"lazy\" \/><\/div><\/div><div class=\"vc_item\"><div class=\"vc_inner\"><img decoding=\"async\" class=\"\" src=\"https:\/\/www.montegrup.com\/wp-content\/uploads\/2018\/01\/MC-304-900x546.png\" width=\"900\" height=\"546\" alt=\"MC-304\" title=\"MC-304\" loading=\"lazy\" \/><\/div><\/div><div class=\"vc_item\"><div class=\"vc_inner\"><img decoding=\"async\" class=\"\" src=\"https:\/\/www.montegrup.com\/wp-content\/uploads\/2018\/01\/MC-305-900x546.png\" width=\"900\" height=\"546\" alt=\"MC-305\" title=\"MC-305\" loading=\"lazy\" \/><\/div><\/div><div class=\"vc_item\"><div class=\"vc_inner\"><img decoding=\"async\" class=\"\" src=\"https:\/\/www.montegrup.com\/wp-content\/uploads\/2018\/01\/MC-306-900x546.png\" width=\"900\" height=\"546\" alt=\"MC-306\" title=\"MC-306\" loading=\"lazy\" \/><\/div><\/div><div class=\"vc_item\"><div class=\"vc_inner\"><img decoding=\"async\" class=\"\" src=\"https:\/\/www.montegrup.com\/wp-content\/uploads\/2018\/01\/MC-307-900x546.png\" width=\"900\" height=\"546\" alt=\"MC-307\" title=\"MC-307\" loading=\"lazy\" \/><\/div><\/div><div class=\"vc_item\"><div class=\"vc_inner\"><img decoding=\"async\" class=\"\" src=\"https:\/\/www.montegrup.com\/wp-content\/uploads\/2018\/01\/MC-308-900x546.png\" width=\"900\" height=\"546\" alt=\"MC-308\" title=\"MC-308\" loading=\"lazy\" \/><\/div><\/div><div class=\"vc_item\"><div class=\"vc_inner\"><img decoding=\"async\" class=\"\" src=\"https:\/\/www.montegrup.com\/wp-content\/uploads\/2018\/01\/MC-309-900x546.png\" width=\"900\" height=\"546\" alt=\"MC-309\" title=\"MC-309\" loading=\"lazy\" \/><\/div><\/div><div class=\"vc_item\"><div class=\"vc_inner\"><img decoding=\"async\" class=\"\" src=\"https:\/\/www.montegrup.com\/wp-content\/uploads\/2018\/01\/MC-310-900x546.png\" width=\"900\" height=\"546\" alt=\"MC-310\" title=\"MC-310\" loading=\"lazy\" \/><\/div><\/div><div class=\"vc_item\"><div class=\"vc_inner\"><img decoding=\"async\" class=\"\" src=\"https:\/\/www.montegrup.com\/wp-content\/uploads\/2018\/01\/MC-311-900x546.png\" width=\"900\" height=\"546\" alt=\"MC-311\" title=\"MC-311\" loading=\"lazy\" \/><\/div><\/div><div class=\"vc_item\"><div class=\"vc_inner\"><img decoding=\"async\" class=\"\" src=\"https:\/\/www.montegrup.com\/wp-content\/uploads\/2018\/01\/MC-312-900x546.png\" width=\"900\" height=\"546\" alt=\"MC-312\" title=\"MC-312\" loading=\"lazy\" \/><\/div><\/div><\/div><\/div><\/div><a class=\"vc_left vc_carousel-control\" href=\"#vc_images-carousel-1-1777630005\" data-slide=\"prev\"><span class=\"icon-prev\"><\/span><\/a><a class=\"vc_right vc_carousel-control\" href=\"#vc_images-carousel-1-1777630005\" data-slide=\"next\"><span class=\"icon-next\"><\/span><\/a><\/div><\/div><\/div><\/div><\/div><\/div><\/div>\n<\/div>","protected":false},"excerpt":{"rendered":"Metropol konteyneri, g\u00f6r\u00fcn\u00fcm olarak standart konteynerden daha estetik, \u015fehir dokusu ile uyumlu konteynerlerdir. Metropol konteyner, sat\u0131\u015f ofisi, g\u00fcvenlik kul\u00fcbesi, gazete bayi, taksi dura\u011f\u0131, \u00e7al\u0131\u015fma ofisi, bilet sat\u0131\u015f noktas\u0131 gibi \u00e7ok \u00e7e\u015fitli alanlarda estetik g\u00f6r\u00fcnt\u00fcs\u00fc ile tercih edilmektedir. \u00dcretti\u011fimiz metropol konteyneri, metal karkas yap\u0131 \u00fczerine iste\u011fe g\u00f6re betopan, al\u00fcminyum kompozit, alikobant, ta\u015fonit, yal\u0131pan, fibercement veya siding[...]","protected":false},"author":1,"featured_media":0,"parent":0,"menu_order":0,"comment_status":"closed","ping_status":"closed","template":"","meta":{"footnotes":""},"class_list":["post-1490","page","type-page","status-publish","hentry"],"aioseo_notices":[],"_links":{"self":[{"href":"https:\/\/www.montegrup.com\/en\/wp-json\/wp\/v2\/pages\/1490","targetHints":{"allow":["GET"]}}],"collection":[{"href":"https:\/\/www.montegrup.com\/en\/wp-json\/wp\/v2\/pages"}],"about":[{"href":"https:\/\/www.montegrup.com\/en\/wp-json\/wp\/v2\/types\/page"}],"author":[{"embeddable":true,"href":"https:\/\/www.montegrup.com\/en\/wp-json\/wp\/v2\/users\/1"}],"replies":[{"embeddable":true,"href":"https:\/\/www.montegrup.com\/en\/wp-json\/wp\/v2\/comments?post=1490"}],"version-history":[{"count":0,"href":"https:\/\/www.montegrup.com\/en\/wp-json\/wp\/v2\/pages\/1490\/revisions"}],"wp:attachment":[{"href":"https:\/\/www.montegrup.com\/en\/wp-json\/wp\/v2\/media?parent=1490"}],"curies":[{"name":"wp","href":"https:\/\/api.w.org\/{rel}","templated":true}]}}