{"id":1493,"date":"2024-08-13T10:21:52","date_gmt":"2024-08-13T07:21:52","guid":{"rendered":"http:\/\/www.montegrup.com\/?page_id=1493"},"modified":"2024-09-05T04:50:46","modified_gmt":"2024-09-05T01:50:46","slug":"ozel-uretim-konteyner","status":"publish","type":"page","link":"https:\/\/www.montegrup.com\/en\/ozel-uretim-konteyner\/","title":{"rendered":"Custom Production Container"},"content":{"rendered":"<div class=\"wpb-content-wrapper\"><div class=\"vc_row wpb_row vc_row-fluid roof-dhav-dotted\"><div class=\"wpb_column vc_column_container text-left vc_col-sm-12\"><div class=\"vc_column-inner\"><div class=\"wpb_wrapper\">\n\t<div class=\"wpb_text_column wpb_content_element\" >\n\t\t<div class=\"wpb_wrapper\">\n\t\t\t<p class=\"translation-block\"><strong>Custom design containers <\/strong> are non-standard containers produced in the desired plan, size and appearance according to your demand.<\/p>\n<p class=\"translation-block\">We are a solution partner in the production of non-standard <strong> custom design containers <\/strong> that companies need to use in their projects in various sectors such as engineering companies, advertising agencies, event organization companies, architectural offices, building companies.<\/p>\n<p>We can make the following applications optionally depending on the project requirement.<\/p>\n<ul>\n<li>Ta\u015f y\u00fcn\u00fc, cam y\u00fcn\u00fc, eps panel, poli\u00fcretan dolgulu sandwich panel yal\u0131t\u0131m se\u00e7enekleri<\/li>\n<li>\u0130stenilen renge boyama, yang\u0131na dayan\u0131kl\u0131 alev y\u00fcr\u00fctmez boya se\u00e7enekleri<\/li>\n<li>Otomatik panjur,<\/li>\n<li>Otomatik veya manuel tente se\u00e7enekleri<\/li>\n<li>Otomatik veya manuel a\u00e7\u0131l\u0131r hidrolik sistemler,<\/li>\n<li>Zemin g\u00fc\u00e7lendirme,<\/li>\n<li>Ex-proof tesisat,<\/li>\n<li>Al\u00fcminyum kap\u0131, caml\u0131 kap\u0131, \u00e7elik kap\u0131, panel kap\u0131, fotoselli kap\u0131, sac kap\u0131, farkl\u0131 ebatlarda kap\u0131 se\u00e7enekleri<\/li>\n<li>Mineflo, laminant parke, baklava sac, betopan, epoksi zemin se\u00e7enekleri<\/li>\n<li>Al\u00fcminyum, pvc, ah\u015fap desenli, reflekte aynal\u0131 cam, \u00e7ital\u0131 pvc, s\u00fcrg\u00fcl\u00fc, giyotin pencere se\u00e7enekleri<\/li>\n<li>Havaland\u0131rma menfezi, havaland\u0131rma fan\u0131, vasistas, klima se\u00e7enekleri<\/li>\n<li>Yang\u0131n damperi, yang\u0131n ihbar, yang\u0131n s\u00f6nd\u00fcrme se\u00e7enekleri<\/li>\n<li>\u0130ste\u011fe g\u00f6re belirlenen yerlere elektrik tesisat\u0131, priz, anahtar, ayd\u0131nlatma armat\u00fcr\u00fc se\u00e7enekleri<\/li>\n<li>Al\u00fcminyum kompozit, ah\u015fap, alikobant, betopan, yal\u0131pan, ta\u015fonit, fibercement veya siding kaplama se\u00e7enekleri<\/li>\n<li>\u0130stenilen dereceye uygun \u0131s\u0131tma ve so\u011futma se\u00e7enekleri<\/li>\n<li>\u0130stenilen ebatta, raf, dolap, evye se\u00e7enekleri<\/li>\n<\/ul>\n<p>Our options are unlimited as per your budget.<\/p>\n\n\t\t<\/div>\n\t<\/div>\n<h2 style=\"text-align: left;font-family:Open Sans;font-weight:800;font-style:normal\" class=\"vc_custom_heading vc_do_custom_heading\" >\u00d6rnek Projelerimiz<\/h2><div class=\"wpb_gallery wpb_content_element vc_clearfix wpb_content_element\" ><div class=\"wpb_wrapper\"><div class=\"wpb_gallery_slides wpb_image_grid\" data-interval=\"3\"><ul class=\"wpb_image_grid_ul\"><li class=\"isotope-item\"><a class=\"\" href=\"https:\/\/www.montegrup.com\/wp-content\/uploads\/2020\/07\/Migros-Ozel-Uretim-2-700x525.jpg\" data-lightbox=\"lightbox[rel-1493-318409784]\"><img loading=\"lazy\" decoding=\"async\" width=\"150\" height=\"150\" src=\"https:\/\/www.montegrup.com\/wp-content\/uploads\/2020\/07\/Migros-Ozel-Uretim-2-150x150.jpg\" class=\"attachment-thumbnail\" alt=\"\" title=\"Migros-Ozel-Uretim-2\" \/><\/a><\/li><li class=\"isotope-item\"><a class=\"\" href=\"https:\/\/www.montegrup.com\/wp-content\/uploads\/2020\/07\/Migros-Ozel-Uretim-1-700x525.jpg\" data-lightbox=\"lightbox[rel-1493-318409784]\"><img loading=\"lazy\" decoding=\"async\" width=\"150\" height=\"150\" src=\"https:\/\/www.montegrup.com\/wp-content\/uploads\/2020\/07\/Migros-Ozel-Uretim-1-150x150.jpg\" class=\"attachment-thumbnail\" alt=\"\" title=\"Migros-Ozel-Uretim-1\" \/><\/a><\/li><li class=\"isotope-item\"><a class=\"\" href=\"https:\/\/www.montegrup.com\/wp-content\/uploads\/2020\/07\/KocUni-Ozel-Uretim-4-700x525.jpg\" data-lightbox=\"lightbox[rel-1493-318409784]\"><img loading=\"lazy\" decoding=\"async\" width=\"150\" height=\"150\" src=\"https:\/\/www.montegrup.com\/wp-content\/uploads\/2020\/07\/KocUni-Ozel-Uretim-4-150x150.jpg\" class=\"attachment-thumbnail\" alt=\"\" title=\"KocUni-Ozel-Uretim-4\" \/><\/a><\/li><li class=\"isotope-item\"><a class=\"\" href=\"https:\/\/www.montegrup.com\/wp-content\/uploads\/2020\/07\/Zorlu-Ozel-Uretim-1-700x525.jpg\" data-lightbox=\"lightbox[rel-1493-318409784]\"><img loading=\"lazy\" decoding=\"async\" width=\"150\" height=\"150\" src=\"https:\/\/www.montegrup.com\/wp-content\/uploads\/2020\/07\/Zorlu-Ozel-Uretim-1-150x150.jpg\" class=\"attachment-thumbnail\" alt=\"\" title=\"Zorlu-Ozel-Uretim-1\" \/><\/a><\/li><li class=\"isotope-item\"><a class=\"\" href=\"https:\/\/www.montegrup.com\/wp-content\/uploads\/2020\/07\/Shell-Ozel-Uretim-1-700x525.jpg\" data-lightbox=\"lightbox[rel-1493-318409784]\"><img loading=\"lazy\" decoding=\"async\" width=\"150\" height=\"150\" src=\"https:\/\/www.montegrup.com\/wp-content\/uploads\/2020\/07\/Shell-Ozel-Uretim-1-150x150.jpg\" class=\"attachment-thumbnail\" alt=\"\" title=\"Shell-Ozel-Uretim-1\" \/><\/a><\/li><\/ul><\/div><\/div><\/div><div class=\"wpb_gallery wpb_content_element vc_clearfix wpb_content_element\" ><div class=\"wpb_wrapper\"><div class=\"wpb_gallery_slides wpb_image_grid\" data-interval=\"3\"><ul class=\"wpb_image_grid_ul\"><li class=\"isotope-item\"><a class=\"\" href=\"https:\/\/www.montegrup.com\/wp-content\/uploads\/2019\/08\/ozel-uretim-konteyner-27-700x525.jpg\" data-lightbox=\"lightbox[rel-1493-1728734314]\"><img loading=\"lazy\" decoding=\"async\" width=\"150\" height=\"150\" src=\"https:\/\/www.montegrup.com\/wp-content\/uploads\/2019\/08\/ozel-uretim-konteyner-27-150x150.jpg\" class=\"attachment-thumbnail\" alt=\"\" title=\"ozel-uretim-konteyner-27\" \/><\/a><\/li><li class=\"isotope-item\"><a class=\"\" href=\"https:\/\/www.montegrup.com\/wp-content\/uploads\/2019\/08\/ozel-uretim-konteyner-23-700x525.jpg\" data-lightbox=\"lightbox[rel-1493-1728734314]\"><img loading=\"lazy\" decoding=\"async\" width=\"150\" height=\"150\" src=\"https:\/\/www.montegrup.com\/wp-content\/uploads\/2019\/08\/ozel-uretim-konteyner-23-150x150.jpg\" class=\"attachment-thumbnail\" alt=\"\" title=\"ozel-uretim-konteyner-23\" \/><\/a><\/li><li class=\"isotope-item\"><a class=\"\" href=\"https:\/\/www.montegrup.com\/wp-content\/uploads\/2019\/08\/ozel-uretim-konteyner-24-700x525.jpg\" data-lightbox=\"lightbox[rel-1493-1728734314]\"><img loading=\"lazy\" decoding=\"async\" width=\"150\" height=\"150\" src=\"https:\/\/www.montegrup.com\/wp-content\/uploads\/2019\/08\/ozel-uretim-konteyner-24-150x150.jpg\" class=\"attachment-thumbnail\" alt=\"\" title=\"ozel-uretim-konteyner-24\" \/><\/a><\/li><li class=\"isotope-item\"><a class=\"\" href=\"https:\/\/www.montegrup.com\/wp-content\/uploads\/2019\/08\/ozel-uretim-konteyner-25-700x525.jpg\" data-lightbox=\"lightbox[rel-1493-1728734314]\"><img loading=\"lazy\" decoding=\"async\" width=\"150\" height=\"150\" src=\"https:\/\/www.montegrup.com\/wp-content\/uploads\/2019\/08\/ozel-uretim-konteyner-25-150x150.jpg\" class=\"attachment-thumbnail\" alt=\"\" title=\"ozel-uretim-konteyner-25\" \/><\/a><\/li><li class=\"isotope-item\"><a class=\"\" href=\"https:\/\/www.montegrup.com\/wp-content\/uploads\/2019\/08\/ozel-uretim-konteyner-26-700x525.jpg\" data-lightbox=\"lightbox[rel-1493-1728734314]\"><img loading=\"lazy\" decoding=\"async\" width=\"150\" height=\"150\" src=\"https:\/\/www.montegrup.com\/wp-content\/uploads\/2019\/08\/ozel-uretim-konteyner-26-150x150.jpg\" class=\"attachment-thumbnail\" alt=\"\" title=\"ozel-uretim-konteyner-26\" \/><\/a><\/li><\/ul><\/div><\/div><\/div><div class=\"wpb_gallery wpb_content_element vc_clearfix wpb_content_element\" ><div class=\"wpb_wrapper\"><div class=\"wpb_gallery_slides wpb_image_grid\" data-interval=\"3\"><ul class=\"wpb_image_grid_ul\"><li class=\"isotope-item\"><a class=\"\" href=\"https:\/\/www.montegrup.com\/wp-content\/uploads\/2017\/08\/ozel-uretim-konteyner-5-700x525.jpg\" data-lightbox=\"lightbox[rel-1493-2259442492]\"><img loading=\"lazy\" decoding=\"async\" width=\"150\" height=\"150\" src=\"https:\/\/www.montegrup.com\/wp-content\/uploads\/2017\/08\/ozel-uretim-konteyner-5-150x150.jpg\" class=\"attachment-thumbnail\" alt=\"\" title=\"ozel-uretim-konteyner-5\" \/><\/a><\/li><li class=\"isotope-item\"><a class=\"\" href=\"https:\/\/www.montegrup.com\/wp-content\/uploads\/2019\/01\/ozel-uretim-konteyner-19-700x525.jpg\" data-lightbox=\"lightbox[rel-1493-2259442492]\"><img loading=\"lazy\" decoding=\"async\" width=\"150\" height=\"150\" src=\"https:\/\/www.montegrup.com\/wp-content\/uploads\/2019\/01\/ozel-uretim-konteyner-19-150x150.jpg\" class=\"attachment-thumbnail\" alt=\"At\u00f6lye Konteyner\" title=\"At\u00f6lye Konteyner\" \/><\/a><\/li><li class=\"isotope-item\"><a class=\"\" href=\"https:\/\/www.montegrup.com\/wp-content\/uploads\/2019\/03\/ozel-uretim-konteyner-22-700x525.jpg\" data-lightbox=\"lightbox[rel-1493-2259442492]\"><img loading=\"lazy\" decoding=\"async\" width=\"150\" height=\"150\" src=\"https:\/\/www.montegrup.com\/wp-content\/uploads\/2019\/03\/ozel-uretim-konteyner-22-150x150.jpg\" class=\"attachment-thumbnail\" alt=\"Depo Konteyneri\" title=\"Konteyner Depo\" \/><\/a><\/li><li class=\"isotope-item\"><a class=\"\" href=\"https:\/\/www.montegrup.com\/wp-content\/uploads\/2018\/12\/ozel-uretim-konteyner-9-700x525.jpg\" data-lightbox=\"lightbox[rel-1493-2259442492]\"><img loading=\"lazy\" decoding=\"async\" width=\"150\" height=\"150\" src=\"https:\/\/www.montegrup.com\/wp-content\/uploads\/2018\/12\/ozel-uretim-konteyner-9-150x150.jpg\" class=\"attachment-thumbnail\" alt=\"Konteyner Elektrik Odas\u0131\" title=\"Konteyner Elektrik Odas\u0131\" \/><\/a><\/li><li class=\"isotope-item\"><a class=\"\" href=\"https:\/\/www.montegrup.com\/wp-content\/uploads\/2018\/12\/ozel-uretim-konteyner-10-700x525.jpg\" data-lightbox=\"lightbox[rel-1493-2259442492]\"><img loading=\"lazy\" decoding=\"async\" width=\"150\" height=\"150\" src=\"https:\/\/www.montegrup.com\/wp-content\/uploads\/2018\/12\/ozel-uretim-konteyner-10-150x150.jpg\" class=\"attachment-thumbnail\" alt=\"Konteyner Kabin\" title=\"Konteyner Kabin\" \/><\/a><\/li><\/ul><\/div><\/div><\/div><div class=\"wpb_gallery wpb_content_element vc_clearfix wpb_content_element\" ><div class=\"wpb_wrapper\"><div class=\"wpb_gallery_slides wpb_image_grid\" data-interval=\"3\"><ul class=\"wpb_image_grid_ul\"><li class=\"isotope-item\"><a class=\"\" href=\"https:\/\/www.montegrup.com\/wp-content\/uploads\/2019\/01\/ozel-uretim-konteyner-18-700x525.jpg\" data-lightbox=\"lightbox[rel-1493-2280974709]\"><img loading=\"lazy\" decoding=\"async\" width=\"150\" height=\"150\" src=\"https:\/\/www.montegrup.com\/wp-content\/uploads\/2019\/01\/ozel-uretim-konteyner-18-150x150.jpg\" class=\"attachment-thumbnail\" alt=\"Modifiye Konteyner\" title=\"Modifiye Konteyner\" \/><\/a><\/li><li class=\"isotope-item\"><a class=\"\" href=\"https:\/\/www.montegrup.com\/wp-content\/uploads\/2019\/01\/ozel-uretim-konteyner-20-700x525.jpg\" data-lightbox=\"lightbox[rel-1493-2280974709]\"><img loading=\"lazy\" decoding=\"async\" width=\"150\" height=\"150\" src=\"https:\/\/www.montegrup.com\/wp-content\/uploads\/2019\/01\/ozel-uretim-konteyner-20-150x150.jpg\" class=\"attachment-thumbnail\" alt=\"Konteyner At\u00f6lye\" title=\"Konteyner At\u00f6lye\" \/><\/a><\/li><li class=\"isotope-item\"><a class=\"\" href=\"https:\/\/www.montegrup.com\/wp-content\/uploads\/2019\/01\/ozel-uretim-konteyner-21-700x525.jpg\" data-lightbox=\"lightbox[rel-1493-2280974709]\"><img loading=\"lazy\" decoding=\"async\" width=\"150\" height=\"150\" src=\"https:\/\/www.montegrup.com\/wp-content\/uploads\/2019\/01\/ozel-uretim-konteyner-21-150x150.jpg\" class=\"attachment-thumbnail\" alt=\"At\u00f6lye Konteyneri\" title=\"At\u00f6lye Konteyneri\" \/><\/a><\/li><li class=\"isotope-item\"><a class=\"\" href=\"https:\/\/www.montegrup.com\/wp-content\/uploads\/2019\/01\/ozel-uretim-konteyner-16-700x525.jpg\" data-lightbox=\"lightbox[rel-1493-2280974709]\"><img loading=\"lazy\" decoding=\"async\" width=\"150\" height=\"150\" src=\"https:\/\/www.montegrup.com\/wp-content\/uploads\/2019\/01\/ozel-uretim-konteyner-16-150x150.jpg\" class=\"attachment-thumbnail\" alt=\"Konteyner Ofis\" title=\"Konteyner Ofis\" \/><\/a><\/li><li class=\"isotope-item\"><a class=\"\" href=\"https:\/\/www.montegrup.com\/wp-content\/uploads\/2019\/01\/ozel-uretim-konteyner-17-700x525.jpg\" data-lightbox=\"lightbox[rel-1493-2280974709]\"><img loading=\"lazy\" decoding=\"async\" width=\"150\" height=\"150\" src=\"https:\/\/www.montegrup.com\/wp-content\/uploads\/2019\/01\/ozel-uretim-konteyner-17-150x150.jpg\" class=\"attachment-thumbnail\" alt=\"Konteyner Sosyal Tesis\" title=\"Konteyner Sosyal Tesis\" \/><\/a><\/li><\/ul><\/div><\/div><\/div><div class=\"wpb_gallery wpb_content_element vc_clearfix wpb_content_element\" ><div class=\"wpb_wrapper\"><div class=\"wpb_gallery_slides wpb_image_grid\" data-interval=\"3\"><ul class=\"wpb_image_grid_ul\"><li class=\"isotope-item\"><a class=\"\" href=\"https:\/\/www.montegrup.com\/wp-content\/uploads\/2019\/01\/ozel-uretim-konteyner-11-700x525.jpg\" data-lightbox=\"lightbox[rel-1493-2042417825]\"><img loading=\"lazy\" decoding=\"async\" width=\"150\" height=\"150\" src=\"https:\/\/www.montegrup.com\/wp-content\/uploads\/2019\/01\/ozel-uretim-konteyner-11-150x150.jpg\" class=\"attachment-thumbnail\" alt=\"Ya\u015fam Konteyneri\" title=\"Living Container\" \/><\/a><\/li><li class=\"isotope-item\"><a class=\"\" href=\"https:\/\/www.montegrup.com\/wp-content\/uploads\/2019\/01\/ozel-uretim-konteyner-12-700x525.jpg\" data-lightbox=\"lightbox[rel-1493-2042417825]\"><img loading=\"lazy\" decoding=\"async\" width=\"150\" height=\"150\" src=\"https:\/\/www.montegrup.com\/wp-content\/uploads\/2019\/01\/ozel-uretim-konteyner-12-150x150.jpg\" class=\"attachment-thumbnail\" alt=\"Ya\u015fam Konteyneri\" title=\"Living Container\" \/><\/a><\/li><li class=\"isotope-item\"><a class=\"\" href=\"https:\/\/www.montegrup.com\/wp-content\/uploads\/2019\/01\/ozel-uretim-konteyner-13-700x525.jpg\" data-lightbox=\"lightbox[rel-1493-2042417825]\"><img loading=\"lazy\" decoding=\"async\" width=\"150\" height=\"150\" src=\"https:\/\/www.montegrup.com\/wp-content\/uploads\/2019\/01\/ozel-uretim-konteyner-13-150x150.jpg\" class=\"attachment-thumbnail\" alt=\"Konteyner Tuvalet\" title=\"Konteyner Tuvalet\" \/><\/a><\/li><li class=\"isotope-item\"><a class=\"\" href=\"https:\/\/www.montegrup.com\/wp-content\/uploads\/2019\/01\/ozel-uretim-konteyner-14-700x525.jpg\" data-lightbox=\"lightbox[rel-1493-2042417825]\"><img loading=\"lazy\" decoding=\"async\" width=\"150\" height=\"150\" src=\"https:\/\/www.montegrup.com\/wp-content\/uploads\/2019\/01\/ozel-uretim-konteyner-14-150x150.jpg\" class=\"attachment-thumbnail\" alt=\"Konteyner WC\" title=\"Konteyner WC\" \/><\/a><\/li><li class=\"isotope-item\"><a class=\"\" href=\"https:\/\/www.montegrup.com\/wp-content\/uploads\/2019\/01\/ozel-uretim-konteyner-15-700x525.jpg\" data-lightbox=\"lightbox[rel-1493-2042417825]\"><img loading=\"lazy\" decoding=\"async\" width=\"150\" height=\"150\" src=\"https:\/\/www.montegrup.com\/wp-content\/uploads\/2019\/01\/ozel-uretim-konteyner-15-150x150.jpg\" class=\"attachment-thumbnail\" alt=\"Konteyner Ofis\" title=\"Konteyner Ofis\" \/><\/a><\/li><\/ul><\/div><\/div><\/div><div class=\"wpb_gallery wpb_content_element vc_clearfix wpb_content_element\" ><div class=\"wpb_wrapper\"><div class=\"wpb_gallery_slides wpb_image_grid\" data-interval=\"3\"><ul class=\"wpb_image_grid_ul\"><li class=\"isotope-item\"><a class=\"\" href=\"https:\/\/www.montegrup.com\/wp-content\/uploads\/2019\/08\/wc-dus-konteyneri-14-700x525.jpg\" data-lightbox=\"lightbox[rel-1493-1446702208]\"><img loading=\"lazy\" decoding=\"async\" width=\"150\" height=\"150\" src=\"https:\/\/www.montegrup.com\/wp-content\/uploads\/2019\/08\/wc-dus-konteyneri-14-150x150.jpg\" class=\"attachment-thumbnail\" alt=\"\" title=\"wc-dus-konteyneri-14\" \/><\/a><\/li><li class=\"isotope-item\"><a class=\"\" href=\"https:\/\/www.montegrup.com\/wp-content\/uploads\/2019\/08\/wc-dus-konteyneri-15-700x525.jpg\" data-lightbox=\"lightbox[rel-1493-1446702208]\"><img loading=\"lazy\" decoding=\"async\" width=\"150\" height=\"150\" src=\"https:\/\/www.montegrup.com\/wp-content\/uploads\/2019\/08\/wc-dus-konteyneri-15-150x150.jpg\" class=\"attachment-thumbnail\" alt=\"\" title=\"wc-dus-konteyneri-15\" \/><\/a><\/li><li class=\"isotope-item\"><a class=\"\" href=\"https:\/\/www.montegrup.com\/wp-content\/uploads\/2018\/12\/ozel-uretim-konteyner-6-700x525.jpg\" data-lightbox=\"lightbox[rel-1493-1446702208]\"><img loading=\"lazy\" decoding=\"async\" width=\"150\" height=\"150\" src=\"https:\/\/www.montegrup.com\/wp-content\/uploads\/2018\/12\/ozel-uretim-konteyner-6-150x150.jpg\" class=\"attachment-thumbnail\" alt=\"Avm Giri\u015f Kap\u0131s\u0131\" title=\"Avm Giri\u015f Kap\u0131s\u0131\" \/><\/a><\/li><li class=\"isotope-item\"><a class=\"\" href=\"https:\/\/www.montegrup.com\/wp-content\/uploads\/2018\/12\/ozel-uretim-konteyner-7-700x525.jpg\" data-lightbox=\"lightbox[rel-1493-1446702208]\"><img loading=\"lazy\" decoding=\"async\" width=\"150\" height=\"150\" src=\"https:\/\/www.montegrup.com\/wp-content\/uploads\/2018\/12\/ozel-uretim-konteyner-7-150x150.jpg\" class=\"attachment-thumbnail\" alt=\"Avm Giri\u015f Kap\u0131s\u0131\" title=\"Avm Giri\u015f Kap\u0131s\u0131\" \/><\/a><\/li><li class=\"isotope-item\"><a class=\"\" href=\"https:\/\/www.montegrup.com\/wp-content\/uploads\/2018\/12\/ozel-uretim-konteyner-8-700x525.jpg\" data-lightbox=\"lightbox[rel-1493-1446702208]\"><img loading=\"lazy\" decoding=\"async\" width=\"150\" height=\"150\" src=\"https:\/\/www.montegrup.com\/wp-content\/uploads\/2018\/12\/ozel-uretim-konteyner-8-150x150.jpg\" class=\"attachment-thumbnail\" alt=\"Avm Giri\u015f Kap\u0131s\u0131\" title=\"Avm Giri\u015f Kap\u0131s\u0131\" \/><\/a><\/li><\/ul><\/div><\/div><\/div><div class=\"wpb_gallery wpb_content_element vc_clearfix wpb_content_element\" ><div class=\"wpb_wrapper\"><div class=\"wpb_gallery_slides wpb_image_grid\" data-interval=\"3\"><ul class=\"wpb_image_grid_ul\"><li class=\"isotope-item\"><a class=\"\" href=\"https:\/\/www.montegrup.com\/wp-content\/uploads\/2019\/10\/ozel-uretim-konteyner-28-700x525.jpg\" data-lightbox=\"lightbox[rel-1493-2952855169]\"><img loading=\"lazy\" decoding=\"async\" width=\"150\" height=\"150\" src=\"https:\/\/www.montegrup.com\/wp-content\/uploads\/2019\/10\/ozel-uretim-konteyner-28-150x150.jpg\" class=\"attachment-thumbnail\" alt=\"\" title=\"ozel-uretim-konteyner-28\" \/><\/a><\/li><li class=\"isotope-item\"><a class=\"\" href=\"https:\/\/www.montegrup.com\/wp-content\/uploads\/2019\/10\/ozel-uretim-konteyner-29-700x525.jpg\" data-lightbox=\"lightbox[rel-1493-2952855169]\"><img loading=\"lazy\" decoding=\"async\" width=\"150\" height=\"150\" src=\"https:\/\/www.montegrup.com\/wp-content\/uploads\/2019\/10\/ozel-uretim-konteyner-29-150x150.jpg\" class=\"attachment-thumbnail\" alt=\"\" title=\"ozel-uretim-konteyner-29\" \/><\/a><\/li><li class=\"isotope-item\"><a class=\"\" href=\"https:\/\/www.montegrup.com\/wp-content\/uploads\/2019\/10\/ozel-uretim-konteyner-30-700x525.jpg\" data-lightbox=\"lightbox[rel-1493-2952855169]\"><img loading=\"lazy\" decoding=\"async\" width=\"150\" height=\"150\" src=\"https:\/\/www.montegrup.com\/wp-content\/uploads\/2019\/10\/ozel-uretim-konteyner-30-150x150.jpg\" class=\"attachment-thumbnail\" alt=\"\" title=\"ozel-uretim-konteyner-30\" \/><\/a><\/li><li class=\"isotope-item\"><a class=\"\" href=\"https:\/\/www.montegrup.com\/wp-content\/uploads\/2019\/10\/ozel-uretim-konteyner-31-700x525.jpg\" data-lightbox=\"lightbox[rel-1493-2952855169]\"><img loading=\"lazy\" decoding=\"async\" width=\"150\" height=\"150\" src=\"https:\/\/www.montegrup.com\/wp-content\/uploads\/2019\/10\/ozel-uretim-konteyner-31-150x150.jpg\" class=\"attachment-thumbnail\" alt=\"\" title=\"ozel-uretim-konteyner-31\" \/><\/a><\/li><li class=\"isotope-item\"><a class=\"\" href=\"https:\/\/www.montegrup.com\/wp-content\/uploads\/2019\/10\/ozel-uretim-konteyner-32-700x525.jpg\" data-lightbox=\"lightbox[rel-1493-2952855169]\"><img loading=\"lazy\" decoding=\"async\" width=\"150\" height=\"150\" src=\"https:\/\/www.montegrup.com\/wp-content\/uploads\/2019\/10\/ozel-uretim-konteyner-32-150x150.jpg\" class=\"attachment-thumbnail\" alt=\"\" title=\"ozel-uretim-konteyner-32\" \/><\/a><\/li><\/ul><\/div><\/div><\/div><div class=\"wpb_gallery wpb_content_element vc_clearfix wpb_content_element\" ><div class=\"wpb_wrapper\"><div class=\"wpb_gallery_slides wpb_image_grid\" data-interval=\"3\"><ul class=\"wpb_image_grid_ul\"><li class=\"isotope-item\"><a class=\"\" href=\"https:\/\/www.montegrup.com\/wp-content\/uploads\/2021\/12\/2021-ozel-romanya3-700x525.jpg\" data-lightbox=\"lightbox[rel-1493-3519125817]\"><img loading=\"lazy\" decoding=\"async\" width=\"150\" height=\"150\" src=\"https:\/\/www.montegrup.com\/wp-content\/uploads\/2021\/12\/2021-ozel-romanya3-150x150.jpg\" class=\"attachment-thumbnail\" alt=\"\" title=\"2021-ozel-romanya3\" \/><\/a><\/li><li class=\"isotope-item\"><a class=\"\" href=\"https:\/\/www.montegrup.com\/wp-content\/uploads\/2021\/12\/2021-ozel-romanya4-700x525.jpg\" data-lightbox=\"lightbox[rel-1493-3519125817]\"><img loading=\"lazy\" decoding=\"async\" width=\"150\" height=\"150\" src=\"https:\/\/www.montegrup.com\/wp-content\/uploads\/2021\/12\/2021-ozel-romanya4-150x150.jpg\" class=\"attachment-thumbnail\" alt=\"\" title=\"2021-ozel-romanya4\" \/><\/a><\/li><li class=\"isotope-item\"><a class=\"\" href=\"https:\/\/www.montegrup.com\/wp-content\/uploads\/2021\/12\/2021-ozel-romanya2-700x525.jpg\" data-lightbox=\"lightbox[rel-1493-3519125817]\"><img loading=\"lazy\" decoding=\"async\" width=\"150\" height=\"150\" src=\"https:\/\/www.montegrup.com\/wp-content\/uploads\/2021\/12\/2021-ozel-romanya2-150x150.jpg\" class=\"attachment-thumbnail\" alt=\"\" title=\"2021-ozel-romanya2\" \/><\/a><\/li><li class=\"isotope-item\"><a class=\"\" href=\"https:\/\/www.montegrup.com\/wp-content\/uploads\/2021\/12\/2021-ozel-romanya1-700x525.jpg\" data-lightbox=\"lightbox[rel-1493-3519125817]\"><img loading=\"lazy\" decoding=\"async\" width=\"150\" height=\"150\" src=\"https:\/\/www.montegrup.com\/wp-content\/uploads\/2021\/12\/2021-ozel-romanya1-150x150.jpg\" class=\"attachment-thumbnail\" alt=\"\" title=\"2021-ozel-romanya1\" \/><\/a><\/li><\/ul><\/div><\/div><\/div><\/div><\/div><\/div><\/div><div class=\"vc_row wpb_row vc_row-fluid roof-dhav-dotted\"><div class=\"wpb_column vc_column_container text-left vc_col-sm-12\"><div class=\"vc_column-inner\"><div class=\"wpb_wrapper\">\n\t<div class=\"wpb_raw_code wpb_raw_html wpb_content_element\" >\n\t\t<div class=\"wpb_wrapper\">\n\t\t\t<iframe loading=\"lazy\" width=\"100%\" height=\"315\" src=\"https:\/\/www.youtube.com\/embed\/lK57V2f-PHQ\" frameborder=\"0\" allowfullscreen><\/iframe>\n\t\t<\/div>\n\t<\/div>\n<\/div><\/div><\/div><\/div>\n<\/div>","protected":false},"excerpt":{"rendered":"\u00d6zel \u00fcretim konteyner, m\u00fc\u015fteri talebine g\u00f6re istenilen plan, \u00f6l\u00e7\u00fc ve g\u00f6r\u00fcn\u00fcmde \u00fcretilen standart d\u0131\u015f\u0131 konteynerlerdir. M\u00fchendislik firmalar\u0131, reklam ajanslar\u0131, festival-fuar-etkinlik organizasyon firmalar\u0131, mimarl\u0131k ofisleri, yap\u0131 proje taahh\u00fct firmalar\u0131 gibi \u00e7e\u015fitli sekt\u00f6rlerdeki firmalar\u0131n projelerinde kullanmak i\u00e7in ihtiya\u00e7 duyduklar\u0131 standart d\u0131\u015f\u0131 \u00f6zel tasar\u0131m konteynerlerin \u00fcretiminde \u00e7\u00f6z\u00fcm ortakl\u0131\u011f\u0131 yapmaktay\u0131z. \u00dcretti\u011fimiz konteynerlerde proje ihtiyac\u0131na g\u00f6re opsiyonel olarak a\u015fa\u011f\u0131daki uygulamalar\u0131[...]","protected":false},"author":1,"featured_media":0,"parent":0,"menu_order":0,"comment_status":"closed","ping_status":"closed","template":"","meta":{"footnotes":""},"class_list":["post-1493","page","type-page","status-publish","hentry"],"aioseo_notices":[],"_links":{"self":[{"href":"https:\/\/www.montegrup.com\/en\/wp-json\/wp\/v2\/pages\/1493","targetHints":{"allow":["GET"]}}],"collection":[{"href":"https:\/\/www.montegrup.com\/en\/wp-json\/wp\/v2\/pages"}],"about":[{"href":"https:\/\/www.montegrup.com\/en\/wp-json\/wp\/v2\/types\/page"}],"author":[{"embeddable":true,"href":"https:\/\/www.montegrup.com\/en\/wp-json\/wp\/v2\/users\/1"}],"replies":[{"embeddable":true,"href":"https:\/\/www.montegrup.com\/en\/wp-json\/wp\/v2\/comments?post=1493"}],"version-history":[{"count":0,"href":"https:\/\/www.montegrup.com\/en\/wp-json\/wp\/v2\/pages\/1493\/revisions"}],"wp:attachment":[{"href":"https:\/\/www.montegrup.com\/en\/wp-json\/wp\/v2\/media?parent=1493"}],"curies":[{"name":"wp","href":"https:\/\/api.w.org\/{rel}","templated":true}]}}