{"id":4179,"date":"2022-04-23T22:41:25","date_gmt":"2022-04-23T19:41:25","guid":{"rendered":"https:\/\/www.montegrup.com\/?page_id=4179"},"modified":"2022-04-28T13:01:50","modified_gmt":"2022-04-28T10:01:50","slug":"demonte-konteyner","status":"publish","type":"page","link":"https:\/\/www.montegrup.com\/en\/demonte-konteyner\/","title":{"rendered":"Flat Pack Container"},"content":{"rendered":"<div class=\"wpb-content-wrapper\"><div class=\"vc_row wpb_row vc_row-fluid roof-dhav-dotted\"><div class=\"wpb_column vc_column_container text-left vc_col-sm-12\"><div class=\"vc_column-inner\"><div class=\"wpb_wrapper\">\n\t<div class=\"wpb_text_column wpb_content_element\" >\n\t\t<div class=\"wpb_wrapper\">\n\t\t\t<p class=\"translation-block\"><strong>Flat pack container<\/strong> is a packaged product, unlike normal container structures, and it has become one of the most preferred structures in recent years due to the fact that more shipments can be made at once. It is possible to ship 10 of the 2.40 x 6.00 x 2.60 containers via a single truck. In addition, overseas shipments receive 10  units in a 40 HC container. This means fast delivery and fast installation.<\/p>\n<p>Flat pack containers have a very simple structure. In this way, it is a product that can be made ready for use in a short time if the production and delivery of the product is made by a specialist company. In addition, it is possible to create a more useful space by bringing together containers. It is possible to add new units to the product or remove related units from the product. Flat pack containers are usually delivered quickly. In this way, it has become an indispensable product for events that require urgent installation.<\/p>\n<p><strong>Flat Pack Container Models<\/strong><\/p>\n<p><a href=\"https:\/\/www.montegrup.com\/wp-content\/uploads\/2022\/04\/Monte-Demonte-Modelleri.jpeg\"><img loading=\"lazy\" decoding=\"async\" class=\"aligncenter wp-image-4184 size-medium\" src=\"https:\/\/www.montegrup.com\/wp-content\/uploads\/2022\/04\/Monte-Demonte-Modelleri-300x291.jpeg\" alt=\"\" width=\"300\" height=\"291\" srcset=\"https:\/\/www.montegrup.com\/wp-content\/uploads\/2022\/04\/Monte-Demonte-Modelleri-300x291.jpeg 300w, https:\/\/www.montegrup.com\/wp-content\/uploads\/2022\/04\/Monte-Demonte-Modelleri-700x679.jpeg 700w, https:\/\/www.montegrup.com\/wp-content\/uploads\/2022\/04\/Monte-Demonte-Modelleri-768x745.jpeg 768w, https:\/\/www.montegrup.com\/wp-content\/uploads\/2022\/04\/Monte-Demonte-Modelleri-1536x1490.jpeg 1536w, https:\/\/www.montegrup.com\/wp-content\/uploads\/2022\/04\/Monte-Demonte-Modelleri-12x12.jpeg 12w, https:\/\/www.montegrup.com\/wp-content\/uploads\/2022\/04\/Monte-Demonte-Modelleri.jpeg 1600w\" sizes=\"auto, (max-width: 300px) 100vw, 300px\" \/><\/a><\/p>\n<p><strong>Flat Pack Container Products We Produce<\/strong><\/p>\n<ul>\n<li>Flat Pack WC Container<\/li>\n<li>Flat Pack Living Container<\/li>\n<li>Flat Pack Security Cabin Container<\/li>\n<li>Flat Pack Modular Construction Container<\/li>\n<\/ul>\n\n\t\t<\/div>\n\t<\/div>\n<\/div><\/div><\/div><\/div><div class=\"vc_row wpb_row vc_row-fluid roof-dhav-dotted\"><div class=\"wpb_column vc_column_container text-left vc_col-sm-12\"><div class=\"vc_column-inner\"><div class=\"wpb_wrapper\"><div class=\"wpb_gallery wpb_content_element vc_clearfix wpb_content_element\" ><div class=\"wpb_wrapper\"><div class=\"wpb_gallery_slides wpb_image_grid\" data-interval=\"3\"><ul class=\"wpb_image_grid_ul\"><li class=\"isotope-item\"><a class=\"\" href=\"https:\/\/www.montegrup.com\/wp-content\/uploads\/2022\/04\/demonte-konteyner2-700x525.jpg\" data-lightbox=\"lightbox[rel-4179-3094705819]\"><img loading=\"lazy\" decoding=\"async\" width=\"150\" height=\"150\" src=\"https:\/\/www.montegrup.com\/wp-content\/uploads\/2022\/04\/demonte-konteyner2-150x150.jpg\" class=\"attachment-thumbnail\" alt=\"\" title=\"demonte-konteyner2\" \/><\/a><\/li><li class=\"isotope-item\"><a class=\"\" href=\"https:\/\/www.montegrup.com\/wp-content\/uploads\/2022\/04\/demonte-konteyner4-700x525.jpg\" data-lightbox=\"lightbox[rel-4179-3094705819]\"><img loading=\"lazy\" decoding=\"async\" width=\"150\" height=\"150\" src=\"https:\/\/www.montegrup.com\/wp-content\/uploads\/2022\/04\/demonte-konteyner4-150x150.jpg\" class=\"attachment-thumbnail\" alt=\"\" title=\"demonte-konteyner4\" \/><\/a><\/li><li class=\"isotope-item\"><a class=\"\" href=\"https:\/\/www.montegrup.com\/wp-content\/uploads\/2022\/04\/demonte-konteyner1-700x525.jpg\" data-lightbox=\"lightbox[rel-4179-3094705819]\"><img loading=\"lazy\" decoding=\"async\" width=\"150\" height=\"150\" src=\"https:\/\/www.montegrup.com\/wp-content\/uploads\/2022\/04\/demonte-konteyner1-150x150.jpg\" class=\"attachment-thumbnail\" alt=\"\" title=\"demonte-konteyner1\" \/><\/a><\/li><li class=\"isotope-item\"><a class=\"\" href=\"https:\/\/www.montegrup.com\/wp-content\/uploads\/2022\/04\/demonte-konteyner5-700x525.jpg\" data-lightbox=\"lightbox[rel-4179-3094705819]\"><img loading=\"lazy\" decoding=\"async\" width=\"150\" height=\"150\" src=\"https:\/\/www.montegrup.com\/wp-content\/uploads\/2022\/04\/demonte-konteyner5-150x150.jpg\" class=\"attachment-thumbnail\" alt=\"\" title=\"demonte-konteyner5\" \/><\/a><\/li><li class=\"isotope-item\"><a class=\"\" href=\"https:\/\/www.montegrup.com\/wp-content\/uploads\/2022\/04\/demonte-konteyner3-700x525.jpg\" data-lightbox=\"lightbox[rel-4179-3094705819]\"><img loading=\"lazy\" decoding=\"async\" width=\"150\" height=\"150\" src=\"https:\/\/www.montegrup.com\/wp-content\/uploads\/2022\/04\/demonte-konteyner3-150x150.jpg\" class=\"attachment-thumbnail\" alt=\"\" title=\"demonte-konteyner3\" \/><\/a><\/li><\/ul><\/div><\/div><\/div><\/div><\/div><\/div><\/div>\n<\/div>","protected":false},"excerpt":{"rendered":"Demonte konteyner, normal konteyner yap\u0131lardan farkl\u0131 olarak paketli bir \u00fcr\u00fcnd\u00fcr ve bir seferde daha fazla sevkiyat yap\u0131labilmesi nedeniyle son y\u0131llarda en \u00e7ok tercih edilen yap\u0131lardan biri haline gelmi\u015ftir. 2.40 x 6.00 x 2.60 \u00f6l\u00e7\u00fclerinde olan demonte konteynerlardan 10 tanesini tek bir t\u0131r arac\u0131l\u0131\u011f\u0131 ile sevk etmek m\u00fcmk\u00fcnd\u00fcr. Ayr\u0131ca deniz a\u015f\u0131r\u0131 sevkiyatlar 40 HC gemi konteyner[...]","protected":false},"author":1,"featured_media":0,"parent":0,"menu_order":0,"comment_status":"closed","ping_status":"closed","template":"","meta":{"footnotes":""},"class_list":["post-4179","page","type-page","status-publish","hentry"],"aioseo_notices":[],"_links":{"self":[{"href":"https:\/\/www.montegrup.com\/en\/wp-json\/wp\/v2\/pages\/4179","targetHints":{"allow":["GET"]}}],"collection":[{"href":"https:\/\/www.montegrup.com\/en\/wp-json\/wp\/v2\/pages"}],"about":[{"href":"https:\/\/www.montegrup.com\/en\/wp-json\/wp\/v2\/types\/page"}],"author":[{"embeddable":true,"href":"https:\/\/www.montegrup.com\/en\/wp-json\/wp\/v2\/users\/1"}],"replies":[{"embeddable":true,"href":"https:\/\/www.montegrup.com\/en\/wp-json\/wp\/v2\/comments?post=4179"}],"version-history":[{"count":0,"href":"https:\/\/www.montegrup.com\/en\/wp-json\/wp\/v2\/pages\/4179\/revisions"}],"wp:attachment":[{"href":"https:\/\/www.montegrup.com\/en\/wp-json\/wp\/v2\/media?parent=4179"}],"curies":[{"name":"wp","href":"https:\/\/api.w.org\/{rel}","templated":true}]}}