{"id":4476,"date":"2025-08-19T13:28:23","date_gmt":"2025-08-19T10:28:23","guid":{"rendered":"https:\/\/www.montegrup.com\/?page_id=4476"},"modified":"2025-08-19T18:21:13","modified_gmt":"2025-08-19T15:21:13","slug":"40-high-cube-konteyner","status":"publish","type":"page","link":"https:\/\/www.montegrup.com\/en\/40-high-cube-konteyner\/","title":{"rendered":"40&#8242; High Cube Konteyner"},"content":{"rendered":"<div class=\"wpb-content-wrapper\"><div class=\"vc_row wpb_row vc_row-fluid roof-dhav-dotted\"><div class=\"wpb_column vc_column_container text-left vc_col-sm-6\"><div class=\"vc_column-inner\"><div class=\"wpb_wrapper\">\n\t<div  class=\"wpb_single_image wpb_content_element vc_align_left wpb_content_element\">\n\t\t\n\t\t<figure class=\"wpb_wrapper vc_figure\">\n\t\t\t<div class=\"vc_single_image-wrapper   vc_box_border_grey\"><img loading=\"lazy\" decoding=\"async\" width=\"800\" height=\"861\" src=\"https:\/\/www.montegrup.com\/wp-content\/uploads\/2025\/08\/3.jpg\" class=\"vc_single_image-img attachment-full\" alt=\"\" title=\"3\" srcset=\"https:\/\/www.montegrup.com\/wp-content\/uploads\/2025\/08\/3.jpg 800w, https:\/\/www.montegrup.com\/wp-content\/uploads\/2025\/08\/3-279x300.jpg 279w, https:\/\/www.montegrup.com\/wp-content\/uploads\/2025\/08\/3-700x753.jpg 700w, https:\/\/www.montegrup.com\/wp-content\/uploads\/2025\/08\/3-768x827.jpg 768w, https:\/\/www.montegrup.com\/wp-content\/uploads\/2025\/08\/3-11x12.jpg 11w\" sizes=\"auto, (max-width: 800px) 100vw, 800px\" \/><\/div>\n\t\t<\/figure>\n\t<\/div>\n<\/div><\/div><\/div><div class=\"wpb_column vc_column_container text-left vc_col-sm-6\"><div class=\"vc_column-inner\"><div class=\"wpb_wrapper\">\n\t<div class=\"wpb_raw_code wpb_raw_html wpb_content_element\" >\n\t\t<div class=\"wpb_wrapper\">\n\t\t\t<style>\n  .konteyner-tablosu {\n    width: 100%;\n    max-width: 800px;\n    margin: 30px auto;\n    border-collapse: collapse;\n    font-family: Arial, sans-serif;\n    font-size: 15px;\n  }\n\n  .konteyner-tablosu th,\n  .konteyner-tablosu td {\n    border: 1px solid #ddd;\n    padding: 8px 12px;\n    text-align: left;\n  }\n\n  .konteyner-tablosu th {\n    background-color: #f7f7f7;\n    font-weight: bold;\n  }\n\n  .konteyner-tablosu .baslik {\n    color: #000000; \/* Siyah ba\u015fl\u0131k *\/\n    font-size: 16px;\n  }\n\n  .konteyner-tablosu tr:last-child td {\n    font-weight: bold;\n  }\n<\/style>\n\n<table class=\"konteyner-tablosu\">\n  <tr>\n    <th colspan=\"3\" class=\"baslik\">40\u2019 HC Konteyner \u00d6l\u00e7\u00fcleri<\/th>\n  <\/tr>\n\n  <!-- D\u0131\u015f \u00d6l\u00e7\u00fcler -->\n  <tr>\n    <td rowspan=\"3\">D\u0131\u015f \u00d6l\u00e7\u00fcler (mm)<\/td>\n    <td>Geni\u015flik<\/td>\n    <td>2.438<\/td>\n  <\/tr>\n  <tr>\n    <td>Uzunluk:<\/td>\n    <td>12.196<\/td>\n  <\/tr>\n  <tr>\n    <td>Y\u00fckseklik:<\/td>\n    <td>2.896<\/td>\n  <\/tr>\n\n  <!-- \u0130\u00e7 \u00d6l\u00e7\u00fcler -->\n  <tr>\n    <td rowspan=\"3\">\u0130\u00e7 \u00d6l\u00e7\u00fcler (mm)<\/td>\n    <td>Geni\u015flik:<\/td>\n    <td>2.330<\/td>\n  <\/tr>\n  <tr>\n    <td>Uzunluk:<\/td>\n    <td>12.029<\/td>\n  <\/tr>\n  <tr>\n    <td>Y\u00fckseklik:<\/td>\n    <td>2.690<\/td>\n  <\/tr>\n\n  <!-- Kap\u0131 \u00d6l\u00e7\u00fcleri -->\n  <tr>\n    <td rowspan=\"2\">Kap\u0131 \u00d6l\u00e7\u00fcleri (mm)<\/td>\n    <td>Geni\u015flik:<\/td>\n    <td>2.340<\/td>\n  <\/tr>\n  <tr>\n    <td>Y\u00fckseklik:<\/td>\n    <td>2.566<\/td>\n  <\/tr>\n\n  <!-- Dara ve Kapasite -->\n  <tr>\n    <td>Dara (kg)<\/td>\n    <td colspan=\"2\">4.200<\/td>\n  <\/tr>\n  <tr>\n    <td>Kapasite (kg)<\/td>\n    <td colspan=\"2\">28.560<\/td>\n  <\/tr>\n  <tr>\n    <td>Kapasite (m\u00b3)<\/td>\n    <td colspan=\"2\">76.3<\/td>\n  <\/tr>\n<\/table>\n\n\t\t<\/div>\n\t<\/div>\n<\/div><\/div><\/div><\/div>\n<\/div>","protected":false},"excerpt":{"rendered":"40\u2019 HC Konteyner \u00d6l\u00e7\u00fcleri D\u0131\u015f \u00d6l\u00e7\u00fcler (mm) Geni\u015flik 2.438 Uzunluk: 12.196 Y\u00fckseklik: 2.896 \u0130\u00e7 \u00d6l\u00e7\u00fcler (mm) Geni\u015flik: 2.330 Uzunluk: 12.029 Y\u00fckseklik: 2.690 Kap\u0131 \u00d6l\u00e7\u00fcleri (mm) Geni\u015flik: 2.340 Y\u00fckseklik: 2.566 Dara (kg) 4.200 Kapasite (kg) 28.560 Kapasite (m\u00b3) 76.3","protected":false},"author":1,"featured_media":0,"parent":0,"menu_order":0,"comment_status":"closed","ping_status":"closed","template":"","meta":{"footnotes":""},"class_list":["post-4476","page","type-page","status-publish","hentry"],"aioseo_notices":[],"_links":{"self":[{"href":"https:\/\/www.montegrup.com\/en\/wp-json\/wp\/v2\/pages\/4476","targetHints":{"allow":["GET"]}}],"collection":[{"href":"https:\/\/www.montegrup.com\/en\/wp-json\/wp\/v2\/pages"}],"about":[{"href":"https:\/\/www.montegrup.com\/en\/wp-json\/wp\/v2\/types\/page"}],"author":[{"embeddable":true,"href":"https:\/\/www.montegrup.com\/en\/wp-json\/wp\/v2\/users\/1"}],"replies":[{"embeddable":true,"href":"https:\/\/www.montegrup.com\/en\/wp-json\/wp\/v2\/comments?post=4476"}],"version-history":[{"count":0,"href":"https:\/\/www.montegrup.com\/en\/wp-json\/wp\/v2\/pages\/4476\/revisions"}],"wp:attachment":[{"href":"https:\/\/www.montegrup.com\/en\/wp-json\/wp\/v2\/media?parent=4476"}],"curies":[{"name":"wp","href":"https:\/\/api.w.org\/{rel}","templated":true}]}}