{"id":4497,"date":"2025-08-19T16:04:34","date_gmt":"2025-08-19T13:04:34","guid":{"rendered":"https:\/\/www.montegrup.com\/?page_id=4497"},"modified":"2025-08-19T16:04:34","modified_gmt":"2025-08-19T13:04:34","slug":"off-shore-konteyner","status":"publish","type":"page","link":"https:\/\/www.montegrup.com\/en\/off-shore-konteyner\/","title":{"rendered":"Off Shore Konteyner"},"content":{"rendered":"<div class=\"wpb-content-wrapper\"><div class=\"vc_row wpb_row vc_row-fluid roof-dhav-dotted\"><div class=\"wpb_column vc_column_container text-left vc_col-sm-12\"><div class=\"vc_column-inner\"><div class=\"wpb_wrapper\">\n\t<div class=\"wpb_text_column wpb_content_element\" >\n\t\t<div class=\"wpb_wrapper\">\n\t\t\t<p><strong>OFFSHORE KONTEYNER NED\u0130R? KULLANIM ALANLARI NELERD\u0130R?<\/strong><\/p>\n<p>Offshore konteynerler, a\u00e7\u0131k deniz petrol ve gaz operasyonlar\u0131nda kullan\u0131lan \u00f6zel bir konteynerdir. Bu konteynerler, ekipman ve malzemeleri; platformlara, kulelere ve gemilere ta\u015f\u0131mak i\u00e7in kullan\u0131lan su ge\u00e7irmez, hava ko\u015fullar\u0131na ve bas\u0131nca dayan\u0131kl\u0131 bi\u00e7imde, \u00e7elikten \u00fcretilir. Offshore konteynerler, uzak yerlerde ara\u015ft\u0131rma ve ke\u015fif faaliyetleri y\u00fcr\u00fctmek gibi \u00e7e\u015fitli ba\u015fka durumlarda da kullan\u0131l\u0131r.<\/p>\n<p>Offshore konteynerler, a\u00e7\u0131k deniz m\u00fchendisli\u011finin ve operasyonlar\u0131n\u0131n \u00f6nemli bir par\u00e7as\u0131d\u0131r. Bu t\u00fcr konteynerlerin kullan\u0131lmas\u0131, m\u00fchendislerin ba\u015fka t\u00fcrl\u00fc ta\u015f\u0131nmas\u0131 \u00e7ok zor olacak \u00e7e\u015fitli malzemeleri ta\u015f\u0131mas\u0131na olanak tan\u0131r. Bu konteynerlerin boyutlar\u0131 de\u011fi\u015fiklik g\u00f6sterse de genellikle 10 feet ila 40 feet uzunlu\u011funda ve 40 feet ila 24 feet y\u00fcksekli\u011findedir. Konteynerlerin yap\u0131s\u0131, h\u0131zl\u0131 g\u00f6revler i\u00e7in hafif, tek kullan\u0131ml\u0131k yap\u0131lardan uzun s\u00fcreli kullan\u0131m i\u00e7in tasarlanm\u0131\u015f \u00e7ok ama\u00e7l\u0131 yap\u0131lara kadar de\u011fi\u015febilirler. Bu sand\u0131klar, m\u00fchendislerin gerekli malzemelere h\u0131zl\u0131 bir \u015fekilde eri\u015fmesine olanak tan\u0131yarak \u00fcretim verimlili\u011fini art\u0131rmaya yard\u0131mc\u0131 olur.<\/p>\n<p>Offshore konteynerler, a\u00e7\u0131k deniz uygulamalar\u0131nda iki ana ama\u00e7la kullan\u0131l\u0131r. Birinci ama\u00e7, personel ve ekipman i\u00e7in g\u00fcvenli, emniyetli bir ortam sa\u011flamakt\u0131r. Bu konteynerler, h\u0131zl\u0131 ve kolay bir \u015fekilde bir araya getirilebilir ve su ge\u00e7irmez bir yap\u0131ya sahiptir. Hava ko\u015fullar\u0131na da dayan\u0131kl\u0131 bu konteynerler g\u00fcvenli bir bar\u0131nma ortam\u0131 sa\u011flar.<\/p>\n<p>\u0130kinci ana ama\u00e7 ise, bu konteynerlerin son derece dayan\u0131kl\u0131 olmalar\u0131yla alakal\u0131d\u0131r. Offshore konteynerlerini in\u015fa etmek i\u00e7in kullan\u0131lan malzeme genellikle y\u00fcksek kaliteli \u00e7eliktir. Bu nedenle yap\u0131 a\u015f\u0131r\u0131 hava ko\u015fullar\u0131na, y\u00fcksek bas\u0131nca ve y\u00fcksek darbelere kar\u015f\u0131 dayan\u0131kl\u0131d\u0131r. Bu durum, personelin ve ekipman\u0131n herhangi bir a\u00e7\u0131k deniz operasyonu s\u0131ras\u0131nda g\u00fcvende kalabilece\u011fi anlam\u0131na gelir.<\/p>\n<p>Sonu\u00e7 olarak, offshore konteynerler, a\u00e7\u0131k deniz m\u00fchendisleri ve operasyonlar\u0131 i\u00e7in paha bi\u00e7ilmez bir ara\u00e7t\u0131r. Bu konteynerler, personel ve ekipman i\u00e7in g\u00fcvenli ve dayan\u0131kl\u0131 bir ortam sa\u011flarken, kullan\u0131mlar\u0131 \u00fcretim verimlili\u011fini b\u00fcy\u00fck \u00f6l\u00e7\u00fcde art\u0131r\u0131r.<\/p>\n<p><strong>OFFSHORE KONTEYNERLER\u0130N KULLANIM ALANLARI<\/strong><\/p>\n<p>Offshore konteynerler, \u00f6zellikle petrol kuleleri veya a\u00e7\u0131k deniz platformlar\u0131 gibi ortamlarda kullan\u0131lmak \u00fczere tasarlanm\u0131\u015f bir nakliye konteyneri t\u00fcr\u00fcd\u00fcr. Bu konteynerler tipik olarak \u00e7elik gibi dayan\u0131kl\u0131 malzemelerden yap\u0131l\u0131r ve a\u00e7\u0131k deniz ortamlar\u0131nda bulunan zorlu ko\u015fullara dayanacak \u015fekilde tasarlan\u0131rlar.<\/p>\n<p>Offshore konteynerler, a\u00e7\u0131k deniz end\u00fcstrisinde \u00e7e\u015fitli ama\u00e7lar i\u00e7in kullan\u0131lmaktad\u0131r. Baz\u0131 yayg\u0131n kullan\u0131mlar \u015funlar\u0131 i\u00e7erir:<\/p>\n<p><strong><em>Bar\u0131nma:\u00a0<\/em><\/strong>Offshore konteynerler modifiye edilebilir ve offshore platformlar\u0131ndaki i\u015f\u00e7iler i\u00e7in ya\u015fam alan\u0131 olarak kullan\u0131labilir. Bu konteynerler, genellikle uzun s\u00fcreli ya\u015fama uygun hale getirmek i\u00e7in yatak, banyo ve mutfak gibi olanaklarla donat\u0131l\u0131r.<\/p>\n<p><strong><em>\u00c7al\u0131\u015fma alanlar\u0131:<\/em><\/strong>\u00a0Offshore konteynerler, a\u00e7\u0131k deniz \u00e7al\u0131\u015fanlar\u0131 i\u00e7in ge\u00e7ici \u00e7al\u0131\u015fma alan\u0131 olarak kullan\u0131labilir. Bu sand\u0131klar, i\u015flevsel bir \u00e7al\u0131\u015fma alan\u0131 olu\u015fturmak i\u00e7in masa, sandalye ve di\u011fer ekipmanlarla donat\u0131labilir.<\/p>\n<p><strong><em>Ofis hizmeti:<\/em><\/strong>\u00a0Offshore konteynerler, a\u00e7\u0131k deniz platformlar\u0131nda veya kulelerinde ofis olarak da kullan\u0131labilir. Bu kaplara, i\u015flevsel bir ofis alan\u0131 olu\u015fturmak i\u00e7in masa, sandalye ve di\u011fer ofis ekipmanlar\u0131 d\u00f6\u015fenebilir.<\/p>\n<p>Genel olarak, offshore konteynerler, a\u00e7\u0131k deniz platformlar\u0131 ve kulelerinde \u00e7al\u0131\u015fanlar i\u00e7in bir dizi hizmet ve tesis sa\u011flayarak, a\u00e7\u0131k deniz end\u00fcstrisinin hayati bir par\u00e7as\u0131 haline gelmi\u015ftir.<\/p>\n<p>&nbsp;<\/p>\n<p>\u00d6zetleyecek olursak, offshore konteynerler \u015fu alanlarda s\u0131kl\u0131kla kullan\u0131l\u0131r:<\/p>\n<ul>\n<li>A\u00e7\u0131k deniz sondaj ve \u00fcretim platformlar\u0131<\/li>\n<li>A\u00e7\u0131k deniz r\u00fczgar \u00e7iftlikleri<\/li>\n<li>A\u00e7\u0131k deniz destek gemileri<\/li>\n<li>Offshore su \u00fcr\u00fcnleri \u00e7iftlikleri<\/li>\n<li>A\u00e7\u0131k deniz petrol ve gaz depolama tesisleri<\/li>\n<li>A\u00e7\u0131k deniz ara\u015ft\u0131rma ve ara\u015ft\u0131rma gemileri<\/li>\n<li>A\u00e7\u0131k deniz y\u00fczer enerji santralleri<\/li>\n<li>A\u00e7\u0131k deniz telekom\u00fcnikasyon istasyonlar\u0131<\/li>\n<li>A\u00e7\u0131k deniz tuzdan ar\u0131nd\u0131rma tesisleri<\/li>\n<li>A\u00e7\u0131k deniz kargo ve tedarik gemileri<\/li>\n<\/ul>\n\n\t\t<\/div>\n\t<\/div>\n<\/div><\/div><\/div><\/div>\n<\/div>","protected":false},"excerpt":{"rendered":"OFFSHORE KONTEYNER NED\u0130R? KULLANIM ALANLARI NELERD\u0130R? Offshore konteynerler, a\u00e7\u0131k deniz petrol ve gaz operasyonlar\u0131nda kullan\u0131lan \u00f6zel bir konteynerdir. Bu konteynerler, ekipman ve malzemeleri; platformlara, kulelere ve gemilere ta\u015f\u0131mak i\u00e7in kullan\u0131lan su ge\u00e7irmez, hava ko\u015fullar\u0131na ve bas\u0131nca dayan\u0131kl\u0131 bi\u00e7imde, \u00e7elikten \u00fcretilir. Offshore konteynerler, uzak yerlerde ara\u015ft\u0131rma ve ke\u015fif faaliyetleri y\u00fcr\u00fctmek gibi \u00e7e\u015fitli ba\u015fka durumlarda da kullan\u0131l\u0131r.[...]","protected":false},"author":1,"featured_media":0,"parent":0,"menu_order":0,"comment_status":"closed","ping_status":"closed","template":"","meta":{"footnotes":""},"class_list":["post-4497","page","type-page","status-publish","hentry"],"aioseo_notices":[],"_links":{"self":[{"href":"https:\/\/www.montegrup.com\/en\/wp-json\/wp\/v2\/pages\/4497","targetHints":{"allow":["GET"]}}],"collection":[{"href":"https:\/\/www.montegrup.com\/en\/wp-json\/wp\/v2\/pages"}],"about":[{"href":"https:\/\/www.montegrup.com\/en\/wp-json\/wp\/v2\/types\/page"}],"author":[{"embeddable":true,"href":"https:\/\/www.montegrup.com\/en\/wp-json\/wp\/v2\/users\/1"}],"replies":[{"embeddable":true,"href":"https:\/\/www.montegrup.com\/en\/wp-json\/wp\/v2\/comments?post=4497"}],"version-history":[{"count":0,"href":"https:\/\/www.montegrup.com\/en\/wp-json\/wp\/v2\/pages\/4497\/revisions"}],"wp:attachment":[{"href":"https:\/\/www.montegrup.com\/en\/wp-json\/wp\/v2\/media?parent=4497"}],"curies":[{"name":"wp","href":"https:\/\/api.w.org\/{rel}","templated":true}]}}