{"id":4505,"date":"2025-08-19T16:10:18","date_gmt":"2025-08-19T13:10:18","guid":{"rendered":"https:\/\/www.montegrup.com\/?page_id=4505"},"modified":"2025-08-19T18:22:11","modified_gmt":"2025-08-19T15:22:11","slug":"20-reefer-konteyner","status":"publish","type":"page","link":"https:\/\/www.montegrup.com\/en\/20-reefer-konteyner\/","title":{"rendered":"20&#8242; Reefer Konteyner"},"content":{"rendered":"<div class=\"wpb-content-wrapper\"><div class=\"vc_row wpb_row vc_row-fluid roof-dhav-dotted\"><div class=\"wpb_column vc_column_container text-left vc_col-sm-6\"><div class=\"vc_column-inner\"><div class=\"wpb_wrapper\">\n\t<div  class=\"wpb_single_image wpb_content_element vc_align_left wpb_content_element\">\n\t\t\n\t\t<figure class=\"wpb_wrapper vc_figure\">\n\t\t\t<div class=\"vc_single_image-wrapper   vc_box_border_grey\"><img loading=\"lazy\" decoding=\"async\" width=\"800\" height=\"861\" src=\"https:\/\/www.montegrup.com\/wp-content\/uploads\/2025\/08\/2-1.jpg\" class=\"vc_single_image-img attachment-full\" alt=\"\" title=\"2\" srcset=\"https:\/\/www.montegrup.com\/wp-content\/uploads\/2025\/08\/2-1.jpg 800w, https:\/\/www.montegrup.com\/wp-content\/uploads\/2025\/08\/2-1-279x300.jpg 279w, https:\/\/www.montegrup.com\/wp-content\/uploads\/2025\/08\/2-1-700x753.jpg 700w, https:\/\/www.montegrup.com\/wp-content\/uploads\/2025\/08\/2-1-768x827.jpg 768w, https:\/\/www.montegrup.com\/wp-content\/uploads\/2025\/08\/2-1-11x12.jpg 11w\" sizes=\"auto, (max-width: 800px) 100vw, 800px\" \/><\/div>\n\t\t<\/figure>\n\t<\/div>\n<\/div><\/div><\/div><div class=\"wpb_column vc_column_container text-left vc_col-sm-6\"><div class=\"vc_column-inner\"><div class=\"wpb_wrapper\">\n\t<div class=\"wpb_raw_code wpb_raw_html wpb_content_element\" >\n\t\t<div class=\"wpb_wrapper\">\n\t\t\t<style>\n  .konteyner-tablosu {\n    width: 100%;\n    max-width: 800px;\n    margin: 40px auto;\n    border-collapse: collapse;\n    font-family: Arial, sans-serif;\n    font-size: 15px;\n  }\n\n  .konteyner-tablosu th,\n  .konteyner-tablosu td {\n    border: 1px solid #ddd;\n    padding: 8px 12px;\n    text-align: left;\n  }\n\n  .konteyner-tablosu th {\n    background-color: #f9f9f9;\n    color: #000;\n    font-weight: bold;\n  }\n\n  .konteyner-tablosu .baslik {\n    font-size: 16px;\n    color: #000;\n    background-color: #ffffff;\n    border: none;\n    padding: 16px 0;\n    text-align: left;\n  }\n\n  .konteyner-tablosu tr:last-child td {\n    font-weight: bold;\n  }\n\n  .konteyner-aciklama {\n    font-size: 13px;\n    font-style: italic;\n    color: #555;\n    max-width: 800px;\n    margin: 12px auto;\n    font-family: Arial, sans-serif;\n  }\n<\/style>\n\n<table class=\"konteyner-tablosu\">\n  <tr>\n    <th colspan=\"3\" class=\"baslik\">20\u2019 Reefer Konteyner \u00d6l\u00e7\u00fcleri<\/th>\n  <\/tr>\n\n  <!-- D\u0131\u015f \u00d6l\u00e7\u00fcler -->\n  <tr>\n    <td rowspan=\"3\">D\u0131\u015f \u00d6l\u00e7\u00fcler (cm)<\/td>\n    <td>Geni\u015flik:<\/td>\n    <td>2.438<\/td>\n  <\/tr>\n  <tr>\n    <td>Uzunluk:<\/td>\n    <td>6.058<\/td>\n  <\/tr>\n  <tr>\n    <td>Y\u00fckseklik:<\/td>\n    <td>2.591<\/td>\n  <\/tr>\n\n  <!-- \u0130\u00e7 \u00d6l\u00e7\u00fcler -->\n  <tr>\n    <td rowspan=\"3\">\u0130\u00e7 \u00d6l\u00e7\u00fcler (mm)<\/td>\n    <td>Geni\u015flik:<\/td>\n    <td>2.294<\/td>\n  <\/tr>\n  <tr>\n    <td>Uzunluk:<\/td>\n    <td>5.458<\/td>\n  <\/tr>\n  <tr>\n    <td>Y\u00fckseklik:<\/td>\n    <td>2.262<\/td>\n  <\/tr>\n\n  <!-- Kap\u0131 \u00d6l\u00e7\u00fcleri -->\n  <tr>\n    <td rowspan=\"2\">Kap\u0131 \u00d6l\u00e7\u00fcleri (mm)<\/td>\n    <td>Geni\u015flik:<\/td>\n    <td>2.340<\/td>\n  <\/tr>\n  <tr>\n    <td>Y\u00fckseklik:<\/td>\n    <td>2.280<\/td>\n  <\/tr>\n\n  <!-- Dara ve Kapasite -->\n  <tr>\n    <td>Dara (kg)<\/td>\n    <td colspan=\"2\">3.120<\/td>\n  <\/tr>\n  <tr>\n    <td>Kapasite (kg)<\/td>\n    <td colspan=\"2\">27.360<\/td>\n  <\/tr>\n  <tr>\n    <td>Kapasite (m\u00b3)<\/td>\n    <td colspan=\"2\">28<\/td>\n  <\/tr>\n<\/table>\n\n\t\t<\/div>\n\t<\/div>\n<\/div><\/div><\/div><\/div>\n<\/div>","protected":false},"excerpt":{"rendered":"20\u2019 Reefer Konteyner \u00d6l\u00e7\u00fcleri D\u0131\u015f \u00d6l\u00e7\u00fcler (cm) Geni\u015flik: 2.438 Uzunluk: 6.058 Y\u00fckseklik: 2.591 \u0130\u00e7 \u00d6l\u00e7\u00fcler (mm) Geni\u015flik: 2.294 Uzunluk: 5.458 Y\u00fckseklik: 2.262 Kap\u0131 \u00d6l\u00e7\u00fcleri (mm) Geni\u015flik: 2.340 Y\u00fckseklik: 2.280 Dara (kg) 3.120 Kapasite (kg) 27.360 Kapasite (m\u00b3) 28","protected":false},"author":1,"featured_media":0,"parent":0,"menu_order":0,"comment_status":"closed","ping_status":"closed","template":"","meta":{"footnotes":""},"class_list":["post-4505","page","type-page","status-publish","hentry"],"aioseo_notices":[],"_links":{"self":[{"href":"https:\/\/www.montegrup.com\/en\/wp-json\/wp\/v2\/pages\/4505","targetHints":{"allow":["GET"]}}],"collection":[{"href":"https:\/\/www.montegrup.com\/en\/wp-json\/wp\/v2\/pages"}],"about":[{"href":"https:\/\/www.montegrup.com\/en\/wp-json\/wp\/v2\/types\/page"}],"author":[{"embeddable":true,"href":"https:\/\/www.montegrup.com\/en\/wp-json\/wp\/v2\/users\/1"}],"replies":[{"embeddable":true,"href":"https:\/\/www.montegrup.com\/en\/wp-json\/wp\/v2\/comments?post=4505"}],"version-history":[{"count":0,"href":"https:\/\/www.montegrup.com\/en\/wp-json\/wp\/v2\/pages\/4505\/revisions"}],"wp:attachment":[{"href":"https:\/\/www.montegrup.com\/en\/wp-json\/wp\/v2\/media?parent=4505"}],"curies":[{"name":"wp","href":"https:\/\/api.w.org\/{rel}","templated":true}]}}