{"id":4511,"date":"2025-08-19T16:13:22","date_gmt":"2025-08-19T13:13:22","guid":{"rendered":"https:\/\/www.montegrup.com\/?page_id=4511"},"modified":"2025-08-19T18:22:21","modified_gmt":"2025-08-19T15:22:21","slug":"20-tank-konteyner","status":"publish","type":"page","link":"https:\/\/www.montegrup.com\/en\/20-tank-konteyner\/","title":{"rendered":"20&#8242; Tank Konteyner"},"content":{"rendered":"<div class=\"wpb-content-wrapper\"><div class=\"vc_row wpb_row vc_row-fluid roof-dhav-dotted\"><div class=\"wpb_column vc_column_container text-left vc_col-sm-6\"><div class=\"vc_column-inner\"><div class=\"wpb_wrapper\">\n\t<div  class=\"wpb_single_image wpb_content_element vc_align_left wpb_content_element\">\n\t\t\n\t\t<figure class=\"wpb_wrapper vc_figure\">\n\t\t\t<div class=\"vc_single_image-wrapper   vc_box_border_grey\"><img loading=\"lazy\" decoding=\"async\" width=\"800\" height=\"861\" src=\"https:\/\/www.montegrup.com\/wp-content\/uploads\/2025\/08\/4-1.jpg\" class=\"vc_single_image-img attachment-full\" alt=\"\" title=\"4\" srcset=\"https:\/\/www.montegrup.com\/wp-content\/uploads\/2025\/08\/4-1.jpg 800w, https:\/\/www.montegrup.com\/wp-content\/uploads\/2025\/08\/4-1-279x300.jpg 279w, https:\/\/www.montegrup.com\/wp-content\/uploads\/2025\/08\/4-1-700x753.jpg 700w, https:\/\/www.montegrup.com\/wp-content\/uploads\/2025\/08\/4-1-768x827.jpg 768w, https:\/\/www.montegrup.com\/wp-content\/uploads\/2025\/08\/4-1-11x12.jpg 11w\" sizes=\"auto, (max-width: 800px) 100vw, 800px\" \/><\/div>\n\t\t<\/figure>\n\t<\/div>\n<\/div><\/div><\/div><div class=\"wpb_column vc_column_container text-left vc_col-sm-6\"><div class=\"vc_column-inner\"><div class=\"wpb_wrapper\">\n\t<div class=\"wpb_raw_code wpb_raw_html wpb_content_element\" >\n\t\t<div class=\"wpb_wrapper\">\n\t\t\t<style>\n  .konteyner-tablosu {\n    width: 100%;\n    max-width: 800px;\n    margin: 40px auto;\n    border-collapse: collapse;\n    font-family: Arial, sans-serif;\n    font-size: 15px;\n  }\n\n  .konteyner-tablosu th,\n  .konteyner-tablosu td {\n    border: 1px solid #ddd;\n    padding: 8px 12px;\n    text-align: left;\n  }\n\n  .konteyner-tablosu th {\n    background-color: #f9f9f9;\n    color: #000;\n    font-weight: bold;\n  }\n\n  .konteyner-tablosu .baslik {\n    font-size: 16px;\n    color: #000;\n    background-color: #ffffff;\n    border: none;\n    padding: 16px 0;\n    text-align: left;\n  }\n\n  .konteyner-aciklama {\n    font-size: 15px;\n    line-height: 1.6;\n    color: #333;\n    max-width: 800px;\n    margin: 20px auto;\n    font-family: Arial, sans-serif;\n  }\n<\/style>\n\n<table class=\"konteyner-tablosu\">\n  <tr>\n    <th colspan=\"3\" class=\"baslik\">20\u2019 Tank Konteyner \u00d6l\u00e7\u00fcleri<\/th>\n  <\/tr>\n  <tr>\n    <td rowspan=\"3\">D\u0131\u015f \u00d6l\u00e7\u00fcler (cm)<\/td>\n    <td>Geni\u015flik:<\/td>\n    <td>2.438<\/td>\n  <\/tr>\n  <tr>\n    <td>Uzunluk:<\/td>\n    <td>6.058<\/td>\n  <\/tr>\n  <tr>\n    <td>Y\u00fckseklik:<\/td>\n    <td>2.591<\/td>\n  <\/tr>\n<\/table>\n\n<div class=\"konteyner-aciklama\">\n  Tank Konteynerler, \u00fcretildi\u011fi malzemeden ta\u015f\u0131d\u0131\u011f\u0131 \u00fcr\u00fcn\u00fcn niteli\u011fine kadar baz\u0131 \u00f6nc\u00fcllere ba\u011fl\u0131 olarak \u00fcretilir. Konteynerlerin ta\u015f\u0131d\u0131\u011f\u0131 mallara uygun d\u00fc\u015fecek materyallerle \u00fcretilmesi gerekir. Ayr\u0131ca konteynerlerin \u00fcretiminde uluslararas\u0131 standartlar g\u00f6z \u00f6n\u00fcnde bulundurulur. Ta\u015f\u0131nan \u00fcr\u00fcn\u00fcn s\u0131v\u0131, kat\u0131 ya da tehlikeli ve tehlikesiz olmas\u0131na g\u00f6re \u00e7e\u015fitlenen konteyner birimleri vard\u0131r. Tank konteynerleri de genel olarak poli\u00fcretan ve al\u00fcminyumdan olu\u015fan bir yal\u0131t\u0131m ve koruyucu tabaka ile \u00e7evrili paslanmaz \u00e7elikten \u00fcretilir. Tank konteynerleri s\u0131v\u0131, tehlikeli, tehlikesiz ya da \u00f6zel g\u0131da malzemelerini ta\u015f\u0131mak maksad\u0131yla \u00fcretilir ve hizmete sunulur.\n  <br><br>\n  Tank konteynerleri doldurulurken bas\u0131n\u00e7 \u00f6zellikleri dikkate al\u0131n\u0131r ve y\u00fczde 100 doluluk oran\u0131 sa\u011flanamaz. En \u00fcst d\u00fczey olarak y\u00fczde 95 oran\u0131 uygun g\u00f6r\u00fclmektedir ve ortalama y\u00fczde 80 oran\u0131nda dolulukla ta\u015f\u0131ma i\u015flemi ger\u00e7ekle\u015ftirilir.\n<\/div>\n\n\t\t<\/div>\n\t<\/div>\n<\/div><\/div><\/div><\/div>\n<\/div>","protected":false},"excerpt":{"rendered":"20\u2019 Tank Konteyner \u00d6l\u00e7\u00fcleri D\u0131\u015f \u00d6l\u00e7\u00fcler (cm) Geni\u015flik: 2.438 Uzunluk: 6.058 Y\u00fckseklik: 2.591 Tank Konteynerler, \u00fcretildi\u011fi malzemeden ta\u015f\u0131d\u0131\u011f\u0131 \u00fcr\u00fcn\u00fcn niteli\u011fine kadar baz\u0131 \u00f6nc\u00fcllere ba\u011fl\u0131 olarak \u00fcretilir. Konteynerlerin ta\u015f\u0131d\u0131\u011f\u0131 mallara uygun d\u00fc\u015fecek materyallerle \u00fcretilmesi gerekir. Ayr\u0131ca konteynerlerin \u00fcretiminde uluslararas\u0131 standartlar g\u00f6z \u00f6n\u00fcnde bulundurulur. Ta\u015f\u0131nan \u00fcr\u00fcn\u00fcn s\u0131v\u0131, kat\u0131 ya da tehlikeli ve tehlikesiz olmas\u0131na g\u00f6re \u00e7e\u015fitlenen konteyner[...]","protected":false},"author":1,"featured_media":0,"parent":0,"menu_order":0,"comment_status":"closed","ping_status":"closed","template":"","meta":{"footnotes":""},"class_list":["post-4511","page","type-page","status-publish","hentry"],"aioseo_notices":[],"_links":{"self":[{"href":"https:\/\/www.montegrup.com\/en\/wp-json\/wp\/v2\/pages\/4511","targetHints":{"allow":["GET"]}}],"collection":[{"href":"https:\/\/www.montegrup.com\/en\/wp-json\/wp\/v2\/pages"}],"about":[{"href":"https:\/\/www.montegrup.com\/en\/wp-json\/wp\/v2\/types\/page"}],"author":[{"embeddable":true,"href":"https:\/\/www.montegrup.com\/en\/wp-json\/wp\/v2\/users\/1"}],"replies":[{"embeddable":true,"href":"https:\/\/www.montegrup.com\/en\/wp-json\/wp\/v2\/comments?post=4511"}],"version-history":[{"count":0,"href":"https:\/\/www.montegrup.com\/en\/wp-json\/wp\/v2\/pages\/4511\/revisions"}],"wp:attachment":[{"href":"https:\/\/www.montegrup.com\/en\/wp-json\/wp\/v2\/media?parent=4511"}],"curies":[{"name":"wp","href":"https:\/\/api.w.org\/{rel}","templated":true}]}}