{"id":4514,"date":"2025-08-19T16:14:58","date_gmt":"2025-08-19T13:14:58","guid":{"rendered":"https:\/\/www.montegrup.com\/?page_id=4514"},"modified":"2025-08-19T16:15:30","modified_gmt":"2025-08-19T13:15:30","slug":"40-tank-konteyner","status":"publish","type":"page","link":"https:\/\/www.montegrup.com\/en\/40-tank-konteyner\/","title":{"rendered":"40&#8242; Tank Konteyner"},"content":{"rendered":"<div class=\"wpb-content-wrapper\"><div class=\"vc_row wpb_row vc_row-fluid roof-dhav-dotted\"><div class=\"wpb_column vc_column_container text-left vc_col-sm-6\"><div class=\"vc_column-inner\"><div class=\"wpb_wrapper\">\n\t<div  class=\"wpb_single_image wpb_content_element vc_align_left wpb_content_element\">\n\t\t\n\t\t<figure class=\"wpb_wrapper vc_figure\">\n\t\t\t<div class=\"vc_single_image-wrapper   vc_box_border_grey\"><img loading=\"lazy\" decoding=\"async\" width=\"800\" height=\"861\" src=\"https:\/\/www.montegrup.com\/wp-content\/uploads\/2025\/08\/5-1.jpg\" class=\"vc_single_image-img attachment-full\" alt=\"\" title=\"5\" srcset=\"https:\/\/www.montegrup.com\/wp-content\/uploads\/2025\/08\/5-1.jpg 800w, https:\/\/www.montegrup.com\/wp-content\/uploads\/2025\/08\/5-1-279x300.jpg 279w, https:\/\/www.montegrup.com\/wp-content\/uploads\/2025\/08\/5-1-700x753.jpg 700w, https:\/\/www.montegrup.com\/wp-content\/uploads\/2025\/08\/5-1-768x827.jpg 768w, https:\/\/www.montegrup.com\/wp-content\/uploads\/2025\/08\/5-1-11x12.jpg 11w\" sizes=\"auto, (max-width: 800px) 100vw, 800px\" \/><\/div>\n\t\t<\/figure>\n\t<\/div>\n<\/div><\/div><\/div><div class=\"wpb_column vc_column_container text-left vc_col-sm-6\"><div class=\"vc_column-inner\"><div class=\"wpb_wrapper\">\n\t<div class=\"wpb_raw_code wpb_raw_html wpb_content_element\" >\n\t\t<div class=\"wpb_wrapper\">\n\t\t\t<style>\n  .konteyner-tablosu {\n    width: 100%;\n    max-width: 800px;\n    margin: 40px auto;\n    border-collapse: collapse;\n    font-family: Arial, sans-serif;\n    font-size: 15px;\n  }\n\n  .konteyner-tablosu th,\n  .konteyner-tablosu td {\n    border: 1px solid #ddd;\n    padding: 8px 12px;\n    text-align: left;\n  }\n\n  .konteyner-tablosu th {\n    background-color: #f9f9f9;\n    color: #000;\n    font-weight: bold;\n  }\n\n  .konteyner-tablosu .baslik {\n    font-size: 16px;\n    color: #000;\n    background-color: #ffffff;\n    border: none;\n    padding: 16px 0;\n    text-align: left;\n  }\n\n  .konteyner-aciklama {\n    font-size: 15px;\n    line-height: 1.6;\n    color: #333;\n    max-width: 800px;\n    margin: 20px auto;\n    font-family: Arial, sans-serif;\n  }\n<\/style>\n\n<table class=\"konteyner-tablosu\">\n  <tr>\n    <th colspan=\"3\" class=\"baslik\">40\u2019 Tank Konteyner \u00d6l\u00e7\u00fcleri<\/th>\n  <\/tr>\n  <tr>\n    <td rowspan=\"3\">D\u0131\u015f \u00d6l\u00e7\u00fcler (mm)<\/td>\n    <td>Geni\u015flik:<\/td>\n    <td>2.438<\/td>\n  <\/tr>\n  <tr>\n    <td>Uzunluk:<\/td>\n    <td>12.196<\/td>\n  <\/tr>\n  <tr>\n    <td>Y\u00fckseklik:<\/td>\n    <td>2.591<\/td>\n  <\/tr>\n<\/table>\n\n<div class=\"konteyner-aciklama\">\n  Tank konteynerler, d\u00fcnya ticaretinin olmazsa olmaz konteyner tiplerinden biridir. Bu tip konteynerler ilk olarak \u0130ngiltere\u2019nin ba\u015fkenti Londra\u2019da m\u00fchendis Bob Fossey taraf\u0131ndan geli\u015ftirilmi\u015ftir. \u0130lk \u00e7\u0131kt\u0131klar\u0131 d\u00f6nemde ISO standartlar\u0131na uygun olmayan yap\u0131lar\u0131, 1966 y\u0131l\u0131nda ticari \u00fcretime ge\u00e7ilmesiyle birlikte standartlara uygun hale getirilmi\u015ftir. 1970\u2019li y\u0131llarda yayg\u0131nla\u015fan tank konteynerler, g\u00fcn\u00fcm\u00fczde uluslararas\u0131 ta\u015f\u0131mac\u0131l\u0131\u011f\u0131n \u00f6nemli par\u00e7alar\u0131ndan biri haline gelmi\u015ftir. \u0130lk d\u00f6nemlerde Avrupa merkezli \u00fcretim \u00f6nde gelirken, 2010 y\u0131l\u0131 itibar\u0131yla G\u00fcney Afrika ve \u00c7in pazarlar\u0131 \u00f6n plana \u00e7\u0131km\u0131\u015ft\u0131r.\n\n  <br><br>\n  Tank konteynerler; \u00fcstten ve alttan y\u00fckleme ve bo\u015faltmaya uygun \u015fekilde tasarlan\u0131r. Standart yap\u0131da bir tank konteynerin \u00fcst k\u0131sm\u0131nda bir ana ve bir hava valfi, alt k\u0131sm\u0131nda ise bo\u015faltma vanas\u0131 bulunur. Bu vanalar pompa sistemleri ile desteklenerek tesisatlara ba\u011flan\u0131r. Borular arac\u0131l\u0131\u011f\u0131yla s\u0131v\u0131lar\u0131n kontroll\u00fc \u015fekilde tahliyesi sa\u011flan\u0131r. Ancak ta\u015f\u0131nacak maddeye g\u00f6re bu sistem farkl\u0131la\u015fabilir.\n\n  <br><br>\n  Tank konteynerler; gaz, s\u0131v\u0131, tehlikeli veya tehlikesiz kimyasallar, g\u0131da \u00fcr\u00fcnleri ve yan\u0131c\u0131 maddeler gibi \u00e7ok \u00e7e\u015fitli \u00fcr\u00fcnleri ta\u015f\u0131mak i\u00e7in kullan\u0131l\u0131r. Ta\u015f\u0131nacak \u00fcr\u00fcn\u00fcn tehlike s\u0131n\u0131f\u0131na g\u00f6re konteynerin i\u00e7 yap\u0131s\u0131, yal\u0131t\u0131m\u0131 ve g\u00fcvenlik sistemleri \u00f6zelle\u015ftirilir. Bu nedenle ta\u015f\u0131ma i\u015flemi \u00f6ncesinde \u00fcr\u00fcn t\u00fcr\u00fc, yo\u011funlu\u011fu ve s\u0131n\u0131fland\u0131rmas\u0131 hakk\u0131nda yetkili mercilere bilgi verilmesi gerekebilir.\n<\/div>\n\n\t\t<\/div>\n\t<\/div>\n<\/div><\/div><\/div><\/div><div class=\"vc_row wpb_row vc_row-fluid roof-dhav-dotted\"><div class=\"wpb_column vc_column_container text-left vc_col-sm-12\"><div class=\"vc_column-inner\"><div class=\"wpb_wrapper\">\n\t<div class=\"wpb_text_column wpb_content_element\" >\n\t\t<div class=\"wpb_wrapper\">\n\t\t\t<style>\n  .tank-container-table {<br \/>\n    width: 100%;<br \/>\n    max-width: 1000px;<br \/>\n    border-collapse: collapse;<br \/>\n    margin: 30px auto;<br \/>\n    font-family: Arial, sans-serif;<br \/>\n    font-size: 15px;<br \/>\n  }<\/p>\n<p>  .tank-container-table th, .tank-container-table td {<br \/>\n    border: 1px solid #ccc;<br \/>\n    padding: 10px;<br \/>\n    text-align: left;<br \/>\n  }<\/p>\n<p>  .tank-container-table th {<br \/>\n    background-color: #f6f6f6;<br \/>\n    color: #000; \/* Ba\u015fl\u0131k siyah *\/<br \/>\n    font-weight: bold;<br \/>\n  }<\/p>\n<p>  .tank-container-table caption {<br \/>\n    text-align: left;<br \/>\n    font-size: 18px;<br \/>\n    font-weight: bold;<br \/>\n    margin-bottom: 10px;<br \/>\n  }<\/p>\n<p>  .tank-table-wrapper {<br \/>\n    max-width: 1000px;<br \/>\n    margin: 0 auto;<br \/>\n    font-family: Arial, sans-serif;<br \/>\n    font-size: 15px;<br \/>\n    color: #333;<br \/>\n  }<br \/>\n<\/style>\n<div class=\"tank-table-wrapper\">\n<p><strong>Tank konteyner tipleri<\/strong><\/p>\n<p>Tank konteyner tipleri ta\u015f\u0131d\u0131klar\u0131 emtiaya g\u00f6re s\u0131n\u0131fland\u0131r\u0131l\u0131r.<\/p>\n<table class=\"tank-container-table\">\n<tbody>\n<tr>\n<th>Tank konteyner tipi<\/th>\n<th>Kullan\u0131m alan\u0131<\/th>\n<\/tr>\n<tr>\n<td>T1 ISO tank konteyneri<\/td>\n<td>\u015earap ve hafif s\u0131v\u0131lar<\/td>\n<\/tr>\n<tr>\n<td>T4 ISO tank konteyneri<\/td>\n<td>Tehlikeli olmayan yenilebilir ve yenmeyen ya\u011flar<\/td>\n<\/tr>\n<tr>\n<td>T11 ISO tank konteyneri<\/td>\n<td>Tehlikeli olmayan kimyasallar<\/td>\n<\/tr>\n<tr>\n<td>T14 ISO tank konteyneri<\/td>\n<td>Tehlikeli kimyasallar, HCl ve \u00e7inko klor\u00fcr gibi asitler<\/td>\n<\/tr>\n<tr>\n<td>T50 ISO tank konteyneri<\/td>\n<td>LPG ve amonyak gibi gazlar<\/td>\n<\/tr>\n<tr>\n<td>T75 ISO tank konteyneri<\/td>\n<td>Kriyojenik gazlar<\/td>\n<\/tr>\n<tr>\n<td>Kau\u00e7uk astarl\u0131 ISO tank konteyneri<\/td>\n<td>Asit bazl\u0131 kimyasallar<\/td>\n<\/tr>\n<tr>\n<td>G\u0131da s\u0131n\u0131f\u0131 tank konteyneri<\/td>\n<td>Sadece g\u0131da s\u0131n\u0131f\u0131 \u00fcr\u00fcnler<\/td>\n<\/tr>\n<tr>\n<td>Reefer tank konteyneri<\/td>\n<td>G\u0131da ve kimyasallar<\/td>\n<\/tr>\n<tr>\n<td>Gaz tank konteyneri<\/td>\n<td>Gazlar\u0131n ta\u015f\u0131nmas\u0131 i\u00e7in uygun<\/td>\n<\/tr>\n<tr>\n<td>Silo tank konteyneri<\/td>\n<td>Tah\u0131l ve tozlar\u0131n ta\u015f\u0131nmas\u0131 i\u00e7in uygun<\/td>\n<\/tr>\n<tr>\n<td>SWAP tank konteyneri<\/td>\n<td>26.000 ve 35.000 metrik ton, 25.600 ve 31.500 uzun ton ve 28.700 ve 35.000 k\u0131sa ton aras\u0131nda kargo ta\u015f\u0131mac\u0131l\u0131\u011f\u0131<\/td>\n<\/tr>\n<tr>\n<td>SWAP g\u00f6vde tank konteyneri<\/td>\n<td>Hafif kargo ve depolama kullan\u0131m\u0131 i\u00e7in kullan\u0131l\u0131r.<\/td>\n<\/tr>\n<\/tbody>\n<\/table>\n<\/div>\n\n\t\t<\/div>\n\t<\/div>\n<\/div><\/div><\/div><\/div>\n<\/div>","protected":false},"excerpt":{"rendered":"40\u2019 Tank Konteyner \u00d6l\u00e7\u00fcleri D\u0131\u015f \u00d6l\u00e7\u00fcler (mm) Geni\u015flik: 2.438 Uzunluk: 12.196 Y\u00fckseklik: 2.591 Tank konteynerler, d\u00fcnya ticaretinin olmazsa olmaz konteyner tiplerinden biridir. Bu tip konteynerler ilk olarak \u0130ngiltere\u2019nin ba\u015fkenti Londra\u2019da m\u00fchendis Bob Fossey taraf\u0131ndan geli\u015ftirilmi\u015ftir. \u0130lk \u00e7\u0131kt\u0131klar\u0131 d\u00f6nemde ISO standartlar\u0131na uygun olmayan yap\u0131lar\u0131, 1966 y\u0131l\u0131nda ticari \u00fcretime ge\u00e7ilmesiyle birlikte standartlara uygun hale getirilmi\u015ftir. 1970\u2019li y\u0131llarda[...]","protected":false},"author":1,"featured_media":0,"parent":0,"menu_order":0,"comment_status":"closed","ping_status":"closed","template":"","meta":{"footnotes":""},"class_list":["post-4514","page","type-page","status-publish","hentry"],"aioseo_notices":[],"_links":{"self":[{"href":"https:\/\/www.montegrup.com\/en\/wp-json\/wp\/v2\/pages\/4514","targetHints":{"allow":["GET"]}}],"collection":[{"href":"https:\/\/www.montegrup.com\/en\/wp-json\/wp\/v2\/pages"}],"about":[{"href":"https:\/\/www.montegrup.com\/en\/wp-json\/wp\/v2\/types\/page"}],"author":[{"embeddable":true,"href":"https:\/\/www.montegrup.com\/en\/wp-json\/wp\/v2\/users\/1"}],"replies":[{"embeddable":true,"href":"https:\/\/www.montegrup.com\/en\/wp-json\/wp\/v2\/comments?post=4514"}],"version-history":[{"count":0,"href":"https:\/\/www.montegrup.com\/en\/wp-json\/wp\/v2\/pages\/4514\/revisions"}],"wp:attachment":[{"href":"https:\/\/www.montegrup.com\/en\/wp-json\/wp\/v2\/media?parent=4514"}],"curies":[{"name":"wp","href":"https:\/\/api.w.org\/{rel}","templated":true}]}}