{"id":4529,"date":"2025-08-19T16:22:59","date_gmt":"2025-08-19T13:22:59","guid":{"rendered":"https:\/\/www.montegrup.com\/?page_id=4529"},"modified":"2025-08-19T18:22:51","modified_gmt":"2025-08-19T15:22:51","slug":"40-dc-open-side-konteyner","status":"publish","type":"page","link":"https:\/\/www.montegrup.com\/en\/40-dc-open-side-konteyner\/","title":{"rendered":"40&#8242; DC Open Side Konteyner"},"content":{"rendered":"<div class=\"wpb-content-wrapper\"><div class=\"vc_row wpb_row vc_row-fluid roof-dhav-dotted\"><div class=\"wpb_column vc_column_container text-left vc_col-sm-6\"><div class=\"vc_column-inner\"><div class=\"wpb_wrapper\">\n\t<div  class=\"wpb_single_image wpb_content_element vc_align_left wpb_content_element\">\n\t\t\n\t\t<figure class=\"wpb_wrapper vc_figure\">\n\t\t\t<div class=\"vc_single_image-wrapper   vc_box_border_grey\"><img loading=\"lazy\" decoding=\"async\" width=\"800\" height=\"861\" src=\"https:\/\/www.montegrup.com\/wp-content\/uploads\/2025\/08\/9-1.jpg\" class=\"vc_single_image-img attachment-full\" alt=\"\" title=\"9\" srcset=\"https:\/\/www.montegrup.com\/wp-content\/uploads\/2025\/08\/9-1.jpg 800w, https:\/\/www.montegrup.com\/wp-content\/uploads\/2025\/08\/9-1-279x300.jpg 279w, https:\/\/www.montegrup.com\/wp-content\/uploads\/2025\/08\/9-1-700x753.jpg 700w, https:\/\/www.montegrup.com\/wp-content\/uploads\/2025\/08\/9-1-768x827.jpg 768w, https:\/\/www.montegrup.com\/wp-content\/uploads\/2025\/08\/9-1-11x12.jpg 11w\" sizes=\"auto, (max-width: 800px) 100vw, 800px\" \/><\/div>\n\t\t<\/figure>\n\t<\/div>\n<\/div><\/div><\/div><div class=\"wpb_column vc_column_container text-left vc_col-sm-6\"><div class=\"vc_column-inner\"><div class=\"wpb_wrapper\">\n\t<div class=\"wpb_raw_code wpb_raw_html wpb_content_element\" >\n\t\t<div class=\"wpb_wrapper\">\n\t\t\t<table border=\"1\" cellspacing=\"0\" cellpadding=\"8\" style=\"width:100%; border-collapse: collapse; font-family: Arial, sans-serif; font-size: 15px;\">\n  <tr>\n    <td colspan=\"3\">40\u2019 DC Open Side Konteyner \u00d6l\u00e7\u00fcleri<\/td>\n  <\/tr>\n  <tr>\n    <td rowspan=\"3\">D\u0131\u015f \u00d6l\u00e7\u00fcler (mm)<\/td>\n    <td>Geni\u015flik:<\/td>\n    <td>2.438<\/td>\n  <\/tr>\n  <tr>\n    <td>Uzunluk:<\/td>\n    <td>12.196<\/td>\n  <\/tr>\n  <tr>\n    <td>Y\u00fckseklik:<\/td>\n    <td>2.591<\/td>\n  <\/tr>\n  <tr>\n    <td rowspan=\"3\">\u0130\u00e7 \u00d6l\u00e7\u00fcler (mm)<\/td>\n    <td>Geni\u015flik:<\/td>\n    <td>2.330<\/td>\n  <\/tr>\n  <tr>\n    <td>Uzunluk:<\/td>\n    <td>12.029<\/td>\n  <\/tr>\n  <tr>\n    <td>Y\u00fckseklik:<\/td>\n    <td>2.392<\/td>\n  <\/tr>\n  <tr>\n    <td rowspan=\"2\">Kap\u0131 \u00d6l\u00e7\u00fcleri (mm)<\/td>\n    <td>Geni\u015flik:<\/td>\n    <td>2.340<\/td>\n  <\/tr>\n  <tr>\n    <td>Y\u00fckseklik:<\/td>\n    <td>2.261<\/td>\n  <\/tr>\n  <tr>\n    <td>Dara (kg)<\/td>\n    <td colspan=\"2\">3.780<\/td>\n  <\/tr>\n  <tr>\n    <td>Kapasite (kg)<\/td>\n    <td colspan=\"2\">28.750<\/td>\n  <\/tr>\n  <tr>\n    <td>Kapasite (m\u00b3)<\/td>\n    <td colspan=\"2\">67<\/td>\n  <\/tr>\n<\/table>\n\n\t\t<\/div>\n\t<\/div>\n<\/div><\/div><\/div><\/div>\n<\/div>","protected":false},"excerpt":{"rendered":"40\u2019 DC Open Side Konteyner \u00d6l\u00e7\u00fcleri D\u0131\u015f \u00d6l\u00e7\u00fcler (mm) Geni\u015flik: 2.438 Uzunluk: 12.196 Y\u00fckseklik: 2.591 \u0130\u00e7 \u00d6l\u00e7\u00fcler (mm) Geni\u015flik: 2.330 Uzunluk: 12.029 Y\u00fckseklik: 2.392 Kap\u0131 \u00d6l\u00e7\u00fcleri (mm) Geni\u015flik: 2.340 Y\u00fckseklik: 2.261 Dara (kg) 3.780 Kapasite (kg) 28.750 Kapasite (m\u00b3) 67","protected":false},"author":1,"featured_media":0,"parent":0,"menu_order":0,"comment_status":"closed","ping_status":"closed","template":"","meta":{"footnotes":""},"class_list":["post-4529","page","type-page","status-publish","hentry"],"aioseo_notices":[],"_links":{"self":[{"href":"https:\/\/www.montegrup.com\/en\/wp-json\/wp\/v2\/pages\/4529","targetHints":{"allow":["GET"]}}],"collection":[{"href":"https:\/\/www.montegrup.com\/en\/wp-json\/wp\/v2\/pages"}],"about":[{"href":"https:\/\/www.montegrup.com\/en\/wp-json\/wp\/v2\/types\/page"}],"author":[{"embeddable":true,"href":"https:\/\/www.montegrup.com\/en\/wp-json\/wp\/v2\/users\/1"}],"replies":[{"embeddable":true,"href":"https:\/\/www.montegrup.com\/en\/wp-json\/wp\/v2\/comments?post=4529"}],"version-history":[{"count":0,"href":"https:\/\/www.montegrup.com\/en\/wp-json\/wp\/v2\/pages\/4529\/revisions"}],"wp:attachment":[{"href":"https:\/\/www.montegrup.com\/en\/wp-json\/wp\/v2\/media?parent=4529"}],"curies":[{"name":"wp","href":"https:\/\/api.w.org\/{rel}","templated":true}]}}