{"id":4534,"date":"2025-08-19T16:25:16","date_gmt":"2025-08-19T13:25:16","guid":{"rendered":"https:\/\/www.montegrup.com\/?page_id=4534"},"modified":"2025-08-19T18:22:59","modified_gmt":"2025-08-19T15:22:59","slug":"20-dc-bulk-konteyner","status":"publish","type":"page","link":"https:\/\/www.montegrup.com\/en\/20-dc-bulk-konteyner\/","title":{"rendered":"20&#8242; DC Bulk Konteyner"},"content":{"rendered":"<div class=\"wpb-content-wrapper\"><div class=\"vc_row wpb_row vc_row-fluid roof-dhav-dotted\"><div class=\"wpb_column vc_column_container text-left vc_col-sm-6\"><div class=\"vc_column-inner\"><div class=\"wpb_wrapper\">\n\t<div  class=\"wpb_single_image wpb_content_element vc_align_left wpb_content_element\">\n\t\t\n\t\t<figure class=\"wpb_wrapper vc_figure\">\n\t\t\t<div class=\"vc_single_image-wrapper   vc_box_border_grey\"><img loading=\"lazy\" decoding=\"async\" width=\"800\" height=\"861\" src=\"https:\/\/www.montegrup.com\/wp-content\/uploads\/2025\/08\/10-1.jpg\" class=\"vc_single_image-img attachment-full\" alt=\"\" title=\"10\" srcset=\"https:\/\/www.montegrup.com\/wp-content\/uploads\/2025\/08\/10-1.jpg 800w, https:\/\/www.montegrup.com\/wp-content\/uploads\/2025\/08\/10-1-279x300.jpg 279w, https:\/\/www.montegrup.com\/wp-content\/uploads\/2025\/08\/10-1-700x753.jpg 700w, https:\/\/www.montegrup.com\/wp-content\/uploads\/2025\/08\/10-1-768x827.jpg 768w, https:\/\/www.montegrup.com\/wp-content\/uploads\/2025\/08\/10-1-11x12.jpg 11w\" sizes=\"auto, (max-width: 800px) 100vw, 800px\" \/><\/div>\n\t\t<\/figure>\n\t<\/div>\n<\/div><\/div><\/div><div class=\"wpb_column vc_column_container text-left vc_col-sm-6\"><div class=\"vc_column-inner\"><div class=\"wpb_wrapper\">\n\t<div class=\"wpb_raw_code wpb_raw_html wpb_content_element\" >\n\t\t<div class=\"wpb_wrapper\">\n\t\t\t<table border=\"1\" cellspacing=\"0\" cellpadding=\"8\" style=\"width:100%; border-collapse: collapse; font-family: Arial, sans-serif; font-size: 15px;\">\n  <tr>\n    <td colspan=\"3\"><strong>20\u2019 DC Bulk Konteyner \u00d6l\u00e7\u00fcleri<\/strong><\/td>\n  <\/tr>\n  <tr>\n    <td rowspan=\"3\"><strong>D\u0131\u015f \u00d6l\u00e7\u00fcler (cm)<\/strong><\/td>\n    <td style=\"color:#000;\"><strong>Geni\u015flik:<\/strong><\/td>\n    <td>2.438<\/td>\n  <\/tr>\n  <tr>\n    <td style=\"color:#000;\"><strong>Uzunluk:<\/strong><\/td>\n    <td>6.058<\/td>\n  <\/tr>\n  <tr>\n    <td style=\"color:#000;\"><strong>Y\u00fckseklik:<\/strong><\/td>\n    <td>2.591<\/td>\n  <\/tr>\n  <tr>\n    <td rowspan=\"3\"><strong>\u0130\u00e7 \u00d6l\u00e7\u00fcler (mm)<\/strong><\/td>\n    <td style=\"color:#000;\"><strong>Geni\u015flik:<\/strong><\/td>\n    <td>2.350<\/td>\n  <\/tr>\n  <tr>\n    <td style=\"color:#000;\"><strong>Uzunluk:<\/strong><\/td>\n    <td>5.898<\/td>\n  <\/tr>\n  <tr>\n    <td style=\"color:#000;\"><strong>Y\u00fckseklik:<\/strong><\/td>\n    <td>2.390<\/td>\n  <\/tr>\n  <tr>\n    <td rowspan=\"2\"><strong>Kap\u0131 \u00d6l\u00e7\u00fcleri (mm)<\/strong><\/td>\n    <td style=\"color:#000;\"><strong>Geni\u015flik:<\/strong><\/td>\n    <td>2.340<\/td>\n  <\/tr>\n  <tr>\n    <td style=\"color:#000;\"><strong>Y\u00fckseklik:<\/strong><\/td>\n    <td>2.280<\/td>\n  <\/tr>\n  <tr>\n    <td><strong>Dara (kg)<\/strong><\/td>\n    <td colspan=\"2\">2.250<\/td>\n  <\/tr>\n  <tr>\n    <td><strong>Kapasite (kg)<\/strong><\/td>\n    <td colspan=\"2\">30.200<\/td>\n  <\/tr>\n  <tr>\n    <td><strong>Kapasite (m\u00b3)<\/strong><\/td>\n    <td colspan=\"2\">33.2<\/td>\n  <\/tr>\n<\/table>\n\n\t\t<\/div>\n\t<\/div>\n<\/div><\/div><\/div><\/div>\n<\/div>","protected":false},"excerpt":{"rendered":"20\u2019 DC Bulk Konteyner \u00d6l\u00e7\u00fcleri D\u0131\u015f \u00d6l\u00e7\u00fcler (cm) Geni\u015flik: 2.438 Uzunluk: 6.058 Y\u00fckseklik: 2.591 \u0130\u00e7 \u00d6l\u00e7\u00fcler (mm) Geni\u015flik: 2.350 Uzunluk: 5.898 Y\u00fckseklik: 2.390 Kap\u0131 \u00d6l\u00e7\u00fcleri (mm) Geni\u015flik: 2.340 Y\u00fckseklik: 2.280 Dara (kg) 2.250 Kapasite (kg) 30.200 Kapasite (m\u00b3) 33.2","protected":false},"author":1,"featured_media":0,"parent":0,"menu_order":0,"comment_status":"closed","ping_status":"closed","template":"","meta":{"footnotes":""},"class_list":["post-4534","page","type-page","status-publish","hentry"],"aioseo_notices":[],"_links":{"self":[{"href":"https:\/\/www.montegrup.com\/en\/wp-json\/wp\/v2\/pages\/4534","targetHints":{"allow":["GET"]}}],"collection":[{"href":"https:\/\/www.montegrup.com\/en\/wp-json\/wp\/v2\/pages"}],"about":[{"href":"https:\/\/www.montegrup.com\/en\/wp-json\/wp\/v2\/types\/page"}],"author":[{"embeddable":true,"href":"https:\/\/www.montegrup.com\/en\/wp-json\/wp\/v2\/users\/1"}],"replies":[{"embeddable":true,"href":"https:\/\/www.montegrup.com\/en\/wp-json\/wp\/v2\/comments?post=4534"}],"version-history":[{"count":0,"href":"https:\/\/www.montegrup.com\/en\/wp-json\/wp\/v2\/pages\/4534\/revisions"}],"wp:attachment":[{"href":"https:\/\/www.montegrup.com\/en\/wp-json\/wp\/v2\/media?parent=4534"}],"curies":[{"name":"wp","href":"https:\/\/api.w.org\/{rel}","templated":true}]}}